{"id":3452,"date":"2025-07-23T19:05:59","date_gmt":"2025-07-23T18:05:59","guid":{"rendered":"https:\/\/recoloco.com\/?page_id=3452"},"modified":"2026-03-15T19:27:37","modified_gmt":"2026-03-15T18:27:37","slug":"about-recoloco","status":"publish","type":"page","link":"http:\/\/recoloco.com\/es\/about-recoloco\/","title":{"rendered":"Sobre Recoloco"},"content":{"rendered":"<div style=\"height:40px\" aria-hidden=\"true\" class=\"wp-block-spacer\"><\/div>\n\n\n\n<div class=\"wp-block-group alignwide is-layout-constrained wp-container-core-group-is-layout-236b1b9c wp-block-group-is-layout-constrained\" style=\"padding-top:0;padding-bottom:0\">\n<div class=\"wp-block-columns are-vertically-aligned-center is-layout-flex wp-container-core-columns-is-layout-ac01b9d5 wp-block-columns-is-layout-flex\" style=\"padding-right:40px;padding-left:40px\">\n<div class=\"wp-block-column is-vertically-aligned-center is-layout-constrained wp-block-column-is-layout-constrained\">\n<figure class=\"wp-block-image aligncenter size-full is-resized has-custom-border is-style-default\"><img fetchpriority=\"high\" decoding=\"async\" width=\"667\" height=\"1000\" src=\"https:\/\/recoloco.com\/wp-content\/uploads\/2025\/04\/DSC05738-1.jpg\" alt=\"\" class=\"wp-image-2553\" style=\"border-style:none;border-width:0px;border-radius:10px;aspect-ratio:0.75;object-fit:cover;width:431px;height:auto\" srcset=\"https:\/\/recoloco.com\/wp-content\/uploads\/2025\/04\/DSC05738-1.jpg 667w, https:\/\/recoloco.com\/wp-content\/uploads\/2025\/04\/DSC05738-1-200x300.jpg 200w, https:\/\/recoloco.com\/wp-content\/uploads\/2025\/04\/DSC05738-1-8x12.jpg 8w, https:\/\/recoloco.com\/wp-content\/uploads\/2025\/04\/DSC05738-1-500x750.jpg 500w\" sizes=\"(max-width: 667px) 100vw, 667px\" \/><\/figure>\n<\/div>\n\n\n\n<div class=\"wp-block-column is-vertically-aligned-center is-layout-flow wp-block-column-is-layout-flow\" style=\"padding-right:0px\">\n<div style=\"height:30px\" aria-hidden=\"true\" class=\"wp-block-spacer\"><\/div>\n\n\n\n<h1 class=\"wp-block-heading has-text-align-center has-ast-global-color-0-color has-text-color has-link-color wp-elements-245ec9a64a390c33b6961cf80254005a\" style=\"border-radius:0px;font-style:normal;font-weight:400;line-height:1;text-transform:none\">MENOS CAOS = M\u00c1S CALMA<\/h1>\n\n\n\n<p class=\"has-text-align-center\">S\u00cd, ES POSIBLE SENTIRTE BIEN EN TU PROPIA CASA.<\/p>\n\n\n\n<p class=\"has-text-align-center\">Tu casa deber\u00eda cuidarte, no agobiarte.<br>S\u00e9 lo dif\u00edcil que puede ser llegar a todo: ordenar, crear un espacio a tu gusto o tachar esa lista de pendientes que siempre queda para el final. Sin darte cuenta, vas sobreviviendo mientras la frustraci\u00f3n y la carga mental se acumulan.<\/p>\n\n\n\n<p class=\"has-text-align-center has-ast-global-color-1-color has-text-color has-link-color wp-elements-00dece1a5145a17b99bba1b9e2fbc0e8\"> <strong>Recoloco<\/strong> es un acompa\u00f1amiento personalizado para transformar tus espacios y ayudarte a reconectar <strong>con tu hogar.<\/strong>.<\/p>\n\n\n\n<div style=\"height:40px\" aria-hidden=\"true\" class=\"wp-block-spacer\"><\/div>\n\n\n\n<p class=\"has-text-align-right has-ast-global-color-0-color has-text-color has-link-color wp-elements-f47869c260b18b9bdc725ebff1286a48\" style=\"font-size:12px;font-style:normal;font-weight:400\">#OtraCasaEsOtraVida<\/p>\n\n\n\n<div style=\"height:30px\" aria-hidden=\"true\" class=\"wp-block-spacer\"><\/div>\n<\/div>\n<\/div>\n<\/div>\n\n\n\n<div style=\"height:30px\" aria-hidden=\"true\" class=\"wp-block-spacer\"><\/div>\n\n\n\n<div class=\"wp-block-columns alignwide are-vertically-aligned-center has-ast-global-color-4-background-color has-background is-layout-flex wp-container-core-columns-is-layout-d4e7a6c0 wp-block-columns-is-layout-flex\">\n<div class=\"wp-block-column is-vertically-aligned-center is-layout-flow wp-block-column-is-layout-flow\" style=\"flex-basis:50%\">\n<p><strong>Mi misi\u00f3n es mejorar la calidad de vida de las personas creando espacios organizados y acogedores, que reflejen sus gustos, necesidades y estilo de vida.<\/strong><\/p>\n\n\n\n<p>Con <strong>Recoloco<\/strong>te acompa\u00f1o a reconectar con tu hogar: analizo tus preferencias y necesidades, y ejecuto cada cambio para que, por fin, sientas paz en tu propia casa.<\/p>\n\n\n\n<p><strong>Recoloco<\/strong> es un servicio de mejora del hogar con base en Luxemburgo. Ofrezco organizaci\u00f3n de espacios, decoraci\u00f3n y tareas de mantenimiento menor para facilitarte el d\u00eda a d\u00eda y lograr que tu casa refleje qui\u00e9n eres y c\u00f3mo quieres vivir.<\/p>\n\n\n\n<p>Desde montar un mueble hasta transformar una habitaci\u00f3n entera, <strong>Recoloco<\/strong> te acompa\u00f1a paso a paso para que los cambios se mantengan en el tiempo y tengan sentido a largo plazo.<\/p>\n\n\n\n<div class=\"wp-block-buttons is-content-justification-center is-layout-flex wp-container-core-buttons-is-layout-a89b3969 wp-block-buttons-is-layout-flex\">\n<div class=\"wp-block-button is-style-outline is-style-outline--1\"><a class=\"wp-block-button__link has-border-color has-ast-global-color-1-border-color wp-element-button\" href=\"https:\/\/recoloco.com\/es\/contact\/\" style=\"border-width:2px\">QUIERO UN RECOLOCO<\/a><\/div>\n<\/div>\n<\/div>\n\n\n\n<div class=\"wp-block-column is-vertically-aligned-center is-layout-flow wp-block-column-is-layout-flow\" style=\"flex-basis:50%\">\n<figure class=\"wp-block-image aligncenter size-full has-custom-border\"><img decoding=\"async\" width=\"667\" height=\"1000\" src=\"https:\/\/recoloco.com\/wp-content\/uploads\/2025\/05\/DSC04782.jpg\" alt=\"\" class=\"wp-image-2663\" style=\"border-radius:6px;aspect-ratio:3\/4;object-fit:cover\" srcset=\"https:\/\/recoloco.com\/wp-content\/uploads\/2025\/05\/DSC04782.jpg 667w, https:\/\/recoloco.com\/wp-content\/uploads\/2025\/05\/DSC04782-200x300.jpg 200w, https:\/\/recoloco.com\/wp-content\/uploads\/2025\/05\/DSC04782-8x12.jpg 8w, https:\/\/recoloco.com\/wp-content\/uploads\/2025\/05\/DSC04782-500x750.jpg 500w\" sizes=\"(max-width: 667px) 100vw, 667px\" \/><\/figure>\n<\/div>\n<\/div>\n\n\n\n<div style=\"height:30px\" aria-hidden=\"true\" class=\"wp-block-spacer\"><\/div>\n\n\n\n<div class=\"wp-block-group alignwide has-ast-global-color-5-background-color has-background is-layout-constrained wp-container-core-group-is-layout-236b1b9c wp-block-group-is-layout-constrained\" id=\"contacto\" style=\"padding-top:0;padding-bottom:0;font-style:normal;font-weight:400\">\n<div style=\"height:30px\" aria-hidden=\"true\" class=\"wp-block-spacer\"><\/div>\n\n\n\n<h2 class=\"wp-block-heading has-text-align-center\" style=\"margin-right:0;margin-left:0\">\u00bfQUIERES PREGUNTARME ALGO?<\/h2>\n\n\n\n<p class=\"has-text-align-center\" style=\"margin-top:20px;margin-right:0px;margin-bottom:20px;margin-left:0px\">Si te queda alguna duda sobre lo que <strong>Recoloco<\/strong> puede hacer por ti, si no est\u00e1s segur@ de lo que necesitas o simplemente quieres m\u00e1s informaci\u00f3n sobre los servicios\u2026<\/p>\n\n\n\n<div class=\"wp-block-buttons is-content-justification-center is-layout-flex wp-container-core-buttons-is-layout-a89b3969 wp-block-buttons-is-layout-flex\">\n<div class=\"wp-block-button is-style-fill\"><a class=\"wp-block-button__link wp-element-button\" href=\"https:\/\/wa.me\/+352691259993\" style=\"border-style:none;border-width:0px\">\u00a1HABLEMOS!<\/a><\/div>\n<\/div>\n\n\n\n<div style=\"height:30px\" aria-hidden=\"true\" class=\"wp-block-spacer\"><\/div>\n<\/div>\n\n\n\n<div style=\"height:30px\" aria-hidden=\"true\" class=\"wp-block-spacer\"><\/div>","protected":false},"excerpt":{"rendered":"<p>LESS CHAOS = MORE CALM YES, IT&#8217;S POSSIBLE TO FEEL GOOD IN YOUR OWN HOME. Your home should take care of you\u2014not overwhelm you.I know how hard it is to keep up with everything: organizing, making your space feel right, or tackling that to-do list that always gets pushed aside. Without realizing it, you\u2019re just [&hellip;]<\/p>\n","protected":false},"author":5,"featured_media":0,"parent":0,"menu_order":0,"comment_status":"closed","ping_status":"closed","template":"","meta":{"site-sidebar-layout":"default","site-content-layout":"","ast-site-content-layout":"normal-width-container","site-content-style":"default","site-sidebar-style":"default","ast-global-header-display":"","ast-banner-title-visibility":"","ast-main-header-display":"","ast-hfb-above-header-display":"","ast-hfb-below-header-display":"","ast-hfb-mobile-header-display":"","site-post-title":"","ast-breadcrumbs-content":"","ast-featured-img":"","footer-sml-layout":"","ast-disable-related-posts":"","theme-transparent-header-meta":"","adv-header-id-meta":"","stick-header-meta":"","header-above-stick-meta":"","header-main-stick-meta":"","header-below-stick-meta":"","astra-migrate-meta-layouts":"set","ast-page-background-enabled":"default","ast-page-background-meta":{"desktop":{"background-color":"var(--ast-global-color-4)","background-image":"","background-repeat":"repeat","background-position":"center center","background-size":"auto","background-attachment":"scroll","background-type":"","background-media":"","overlay-type":"","overlay-color":"","overlay-opacity":"","overlay-gradient":""},"tablet":{"background-color":"","background-image":"","background-repeat":"repeat","background-position":"center center","background-size":"auto","background-attachment":"scroll","background-type":"","background-media":"","overlay-type":"","overlay-color":"","overlay-opacity":"","overlay-gradient":""},"mobile":{"background-color":"","background-image":"","background-repeat":"repeat","background-position":"center center","background-size":"auto","background-attachment":"scroll","background-type":"","background-media":"","overlay-type":"","overlay-color":"","overlay-opacity":"","overlay-gradient":""}},"ast-content-background-meta":{"desktop":{"background-color":"var(--ast-global-color-5)","background-image":"","background-repeat":"repeat","background-position":"center center","background-size":"auto","background-attachment":"scroll","background-type":"","background-media":"","overlay-type":"","overlay-color":"","overlay-opacity":"","overlay-gradient":""},"tablet":{"background-color":"var(--ast-global-color-5)","background-image":"","background-repeat":"repeat","background-position":"center center","background-size":"auto","background-attachment":"scroll","background-type":"","background-media":"","overlay-type":"","overlay-color":"","overlay-opacity":"","overlay-gradient":""},"mobile":{"background-color":"var(--ast-global-color-5)","background-image":"","background-repeat":"repeat","background-position":"center center","background-size":"auto","background-attachment":"scroll","background-type":"","background-media":"","overlay-type":"","overlay-color":"","overlay-opacity":"","overlay-gradient":""}},"_vp_format_video_url":"","_vp_image_focal_point":[],"footnotes":""},"class_list":["post-3452","page","type-page","status-publish","hentry"],"yoast_head":"<!-- This site is optimized with the Yoast SEO plugin v27.4 - https:\/\/yoast.com\/product\/yoast-seo-wordpress\/ -->\n<title>About Recoloco - Recoloco \u2013 Professional organizer &amp; space transformation in Luxembourg<\/title>\n<meta name=\"robots\" content=\"index, follow, max-snippet:-1, max-image-preview:large, max-video-preview:-1\" \/>\n<link rel=\"canonical\" href=\"https:\/\/recoloco.com\/es\/about-recoloco\/\" \/>\n<meta property=\"og:locale\" content=\"es_ES\" \/>\n<meta property=\"og:type\" content=\"article\" \/>\n<meta property=\"og:title\" content=\"About Recoloco - Recoloco \u2013 Professional organizer &amp; space transformation in Luxembourg\" \/>\n<meta property=\"og:description\" content=\"LESS CHAOS = MORE CALM YES, IT&#8217;S POSSIBLE TO FEEL GOOD IN YOUR OWN HOME. Your home should take care of you\u2014not overwhelm you.I know how hard it is to keep up with everything: organizing, making your space feel right, or tackling that to-do list that always gets pushed aside. Without realizing it, you\u2019re just [&hellip;]\" \/>\n<meta property=\"og:url\" content=\"https:\/\/recoloco.com\/es\/about-recoloco\/\" \/>\n<meta property=\"og:site_name\" content=\"Recoloco \u2013 Professional organizer &amp; space transformation in Luxembourg\" \/>\n<meta property=\"article:modified_time\" content=\"2026-03-15T18:27:37+00:00\" \/>\n<meta property=\"og:image\" content=\"https:\/\/recoloco.com\/wp-content\/uploads\/2025\/04\/DSC05738-1.jpg\" \/>\n\t<meta property=\"og:image:width\" content=\"667\" \/>\n\t<meta property=\"og:image:height\" content=\"1000\" \/>\n\t<meta property=\"og:image:type\" content=\"image\/jpeg\" \/>\n<meta name=\"twitter:card\" content=\"summary_large_image\" \/>\n<meta name=\"twitter:label1\" content=\"Tiempo de lectura\" \/>\n\t<meta name=\"twitter:data1\" content=\"2 minutos\" \/>\n<script type=\"application\/ld+json\" class=\"yoast-schema-graph\">{\"@context\":\"https:\\\/\\\/schema.org\",\"@graph\":[{\"@type\":\"WebPage\",\"@id\":\"https:\\\/\\\/recoloco.com\\\/about-recoloco\\\/\",\"url\":\"https:\\\/\\\/recoloco.com\\\/about-recoloco\\\/\",\"name\":\"About Recoloco - Recoloco \u2013 Professional organizer &amp; space transformation in Luxembourg\",\"isPartOf\":{\"@id\":\"https:\\\/\\\/recoloco.com\\\/#website\"},\"primaryImageOfPage\":{\"@id\":\"https:\\\/\\\/recoloco.com\\\/about-recoloco\\\/#primaryimage\"},\"image\":{\"@id\":\"https:\\\/\\\/recoloco.com\\\/about-recoloco\\\/#primaryimage\"},\"thumbnailUrl\":\"https:\\\/\\\/recoloco.com\\\/wp-content\\\/uploads\\\/2025\\\/04\\\/DSC05738-1.jpg\",\"datePublished\":\"2025-07-23T18:05:59+00:00\",\"dateModified\":\"2026-03-15T18:27:37+00:00\",\"breadcrumb\":{\"@id\":\"https:\\\/\\\/recoloco.com\\\/about-recoloco\\\/#breadcrumb\"},\"inLanguage\":\"es\",\"potentialAction\":[{\"@type\":\"ReadAction\",\"target\":[\"https:\\\/\\\/recoloco.com\\\/about-recoloco\\\/\"]}]},{\"@type\":\"ImageObject\",\"inLanguage\":\"es\",\"@id\":\"https:\\\/\\\/recoloco.com\\\/about-recoloco\\\/#primaryimage\",\"url\":\"https:\\\/\\\/recoloco.com\\\/wp-content\\\/uploads\\\/2025\\\/04\\\/DSC05738-1.jpg\",\"contentUrl\":\"https:\\\/\\\/recoloco.com\\\/wp-content\\\/uploads\\\/2025\\\/04\\\/DSC05738-1.jpg\"},{\"@type\":\"BreadcrumbList\",\"@id\":\"https:\\\/\\\/recoloco.com\\\/about-recoloco\\\/#breadcrumb\",\"itemListElement\":[{\"@type\":\"ListItem\",\"position\":1,\"name\":\"Home\",\"item\":\"https:\\\/\\\/recoloco.com\\\/\"},{\"@type\":\"ListItem\",\"position\":2,\"name\":\"About Recoloco\"}]},{\"@type\":\"WebSite\",\"@id\":\"https:\\\/\\\/recoloco.com\\\/#website\",\"url\":\"https:\\\/\\\/recoloco.com\\\/\",\"name\":\"Recoloco \u2013 Home organizer & space transformation in Luxembourg\",\"description\":\"Another House is Another Life.\",\"publisher\":{\"@id\":\"https:\\\/\\\/recoloco.com\\\/#organization\"},\"potentialAction\":[{\"@type\":\"SearchAction\",\"target\":{\"@type\":\"EntryPoint\",\"urlTemplate\":\"https:\\\/\\\/recoloco.com\\\/?s={search_term_string}\"},\"query-input\":{\"@type\":\"PropertyValueSpecification\",\"valueRequired\":true,\"valueName\":\"search_term_string\"}}],\"inLanguage\":\"es\"},{\"@type\":\"Organization\",\"@id\":\"https:\\\/\\\/recoloco.com\\\/#organization\",\"name\":\"Recoloco \u2013 Home organizer & space transformation in Luxembourg\",\"url\":\"https:\\\/\\\/recoloco.com\\\/\",\"logo\":{\"@type\":\"ImageObject\",\"inLanguage\":\"es\",\"@id\":\"https:\\\/\\\/recoloco.com\\\/#\\\/schema\\\/logo\\\/image\\\/\",\"url\":\"https:\\\/\\\/recoloco.com\\\/wp-content\\\/uploads\\\/2025\\\/06\\\/LogoRGB.svg\",\"contentUrl\":\"https:\\\/\\\/recoloco.com\\\/wp-content\\\/uploads\\\/2025\\\/06\\\/LogoRGB.svg\",\"width\":500,\"height\":200,\"caption\":\"Recoloco \u2013 Home organizer & space transformation in Luxembourg\"},\"image\":{\"@id\":\"https:\\\/\\\/recoloco.com\\\/#\\\/schema\\\/logo\\\/image\\\/\"},\"sameAs\":[\"https:\\\/\\\/www.instagram.com\\\/re_coloco\\\/\"]}]}<\/script>\n<!-- \/ Yoast SEO plugin. -->","yoast_head_json":{"title":"About Recoloco - Recoloco \u2013 Professional organizer &amp; space transformation in Luxembourg","robots":{"index":"index","follow":"follow","max-snippet":"max-snippet:-1","max-image-preview":"max-image-preview:large","max-video-preview":"max-video-preview:-1"},"canonical":"https:\/\/recoloco.com\/es\/about-recoloco\/","og_locale":"es_ES","og_type":"article","og_title":"About Recoloco - Recoloco \u2013 Professional organizer &amp; space transformation in Luxembourg","og_description":"LESS CHAOS = MORE CALM YES, IT&#8217;S POSSIBLE TO FEEL GOOD IN YOUR OWN HOME. Your home should take care of you\u2014not overwhelm you.I know how hard it is to keep up with everything: organizing, making your space feel right, or tackling that to-do list that always gets pushed aside. Without realizing it, you\u2019re just [&hellip;]","og_url":"https:\/\/recoloco.com\/es\/about-recoloco\/","og_site_name":"Recoloco \u2013 Professional organizer &amp; space transformation in Luxembourg","article_modified_time":"2026-03-15T18:27:37+00:00","og_image":[{"width":667,"height":1000,"url":"https:\/\/recoloco.com\/wp-content\/uploads\/2025\/04\/DSC05738-1.jpg","type":"image\/jpeg"}],"twitter_card":"summary_large_image","twitter_misc":{"Tiempo de lectura":"2 minutos"},"schema":{"@context":"https:\/\/schema.org","@graph":[{"@type":"WebPage","@id":"https:\/\/recoloco.com\/about-recoloco\/","url":"https:\/\/recoloco.com\/about-recoloco\/","name":"About Recoloco - Recoloco \u2013 Professional organizer &amp; space transformation in Luxembourg","isPartOf":{"@id":"https:\/\/recoloco.com\/#website"},"primaryImageOfPage":{"@id":"https:\/\/recoloco.com\/about-recoloco\/#primaryimage"},"image":{"@id":"https:\/\/recoloco.com\/about-recoloco\/#primaryimage"},"thumbnailUrl":"https:\/\/recoloco.com\/wp-content\/uploads\/2025\/04\/DSC05738-1.jpg","datePublished":"2025-07-23T18:05:59+00:00","dateModified":"2026-03-15T18:27:37+00:00","breadcrumb":{"@id":"https:\/\/recoloco.com\/about-recoloco\/#breadcrumb"},"inLanguage":"es","potentialAction":[{"@type":"ReadAction","target":["https:\/\/recoloco.com\/about-recoloco\/"]}]},{"@type":"ImageObject","inLanguage":"es","@id":"https:\/\/recoloco.com\/about-recoloco\/#primaryimage","url":"https:\/\/recoloco.com\/wp-content\/uploads\/2025\/04\/DSC05738-1.jpg","contentUrl":"https:\/\/recoloco.com\/wp-content\/uploads\/2025\/04\/DSC05738-1.jpg"},{"@type":"BreadcrumbList","@id":"https:\/\/recoloco.com\/about-recoloco\/#breadcrumb","itemListElement":[{"@type":"ListItem","position":1,"name":"Home","item":"https:\/\/recoloco.com\/"},{"@type":"ListItem","position":2,"name":"About Recoloco"}]},{"@type":"WebSite","@id":"https:\/\/recoloco.com\/#website","url":"https:\/\/recoloco.com\/","name":"Recoloco \u2013 Home organizer & space transformation in Luxembourg","description":"Another House is Another Life.","publisher":{"@id":"https:\/\/recoloco.com\/#organization"},"potentialAction":[{"@type":"SearchAction","target":{"@type":"EntryPoint","urlTemplate":"https:\/\/recoloco.com\/?s={search_term_string}"},"query-input":{"@type":"PropertyValueSpecification","valueRequired":true,"valueName":"search_term_string"}}],"inLanguage":"es"},{"@type":"Organization","@id":"https:\/\/recoloco.com\/#organization","name":"Recoloco \u2013 Home organizer & space transformation in Luxembourg","url":"https:\/\/recoloco.com\/","logo":{"@type":"ImageObject","inLanguage":"es","@id":"https:\/\/recoloco.com\/#\/schema\/logo\/image\/","url":"https:\/\/recoloco.com\/wp-content\/uploads\/2025\/06\/LogoRGB.svg","contentUrl":"https:\/\/recoloco.com\/wp-content\/uploads\/2025\/06\/LogoRGB.svg","width":500,"height":200,"caption":"Recoloco \u2013 Home organizer & space transformation in Luxembourg"},"image":{"@id":"https:\/\/recoloco.com\/#\/schema\/logo\/image\/"},"sameAs":["https:\/\/www.instagram.com\/re_coloco\/"]}]}},"_links":{"self":[{"href":"http:\/\/recoloco.com\/es\/wp-json\/wp\/v2\/pages\/3452","targetHints":{"allow":["GET"]}}],"collection":[{"href":"http:\/\/recoloco.com\/es\/wp-json\/wp\/v2\/pages"}],"about":[{"href":"http:\/\/recoloco.com\/es\/wp-json\/wp\/v2\/types\/page"}],"author":[{"embeddable":true,"href":"http:\/\/recoloco.com\/es\/wp-json\/wp\/v2\/users\/5"}],"replies":[{"embeddable":true,"href":"http:\/\/recoloco.com\/es\/wp-json\/wp\/v2\/comments?post=3452"}],"version-history":[{"count":15,"href":"http:\/\/recoloco.com\/es\/wp-json\/wp\/v2\/pages\/3452\/revisions"}],"predecessor-version":[{"id":3669,"href":"http:\/\/recoloco.com\/es\/wp-json\/wp\/v2\/pages\/3452\/revisions\/3669"}],"wp:attachment":[{"href":"http:\/\/recoloco.com\/es\/wp-json\/wp\/v2\/media?parent=3452"}],"curies":[{"name":"wp","href":"https:\/\/api.w.org\/{rel}","templated":true}]}}