{"id":1655,"date":"2024-11-13T16:49:45","date_gmt":"2024-11-13T15:49:45","guid":{"rendered":"http:\/\/recoloco.com\/?page_id=1655"},"modified":"2026-03-18T14:14:36","modified_gmt":"2026-03-18T13:14:36","slug":"recoloco","status":"publish","type":"page","link":"https:\/\/recoloco.com\/es\/recoloco\/","title":{"rendered":"\u00bfqu\u00e9 es recoloco?"},"content":{"rendered":"<div data-elementor-type=\"wp-page\" data-elementor-id=\"1655\" class=\"elementor elementor-1655\">\n\t\t\t\t<div class=\"elementor-element elementor-element-3d19d2c e-flex e-con-boxed e-con e-parent\" data-id=\"3d19d2c\" data-element_type=\"container\" data-e-type=\"container\">\n\t\t\t\t\t<div class=\"e-con-inner\">\n\t\t\t\t<div class=\"elementor-element elementor-element-0942f29 elementor-widget elementor-widget-spacer\" data-id=\"0942f29\" data-element_type=\"widget\" data-e-type=\"widget\" data-widget_type=\"spacer.default\">\n\t\t\t\t<div class=\"elementor-widget-container\">\n\t\t\t\t\t\t\t<div class=\"elementor-spacer\">\n\t\t\t<div class=\"elementor-spacer-inner\"><\/div>\n\t\t<\/div>\n\t\t\t\t\t\t<\/div>\n\t\t\t\t<\/div>\n\t\t\t\t<div class=\"elementor-element elementor-element-09c83d9 elementor-widget elementor-widget-heading\" data-id=\"09c83d9\" data-element_type=\"widget\" data-e-type=\"widget\" data-widget_type=\"heading.default\">\n\t\t\t\t<div class=\"elementor-widget-container\">\n\t\t\t\t\t<h2 class=\"elementor-heading-title elementor-size-default\">menos caos = m\u00e1s calma<\/h2>\t\t\t\t<\/div>\n\t\t\t\t<\/div>\n\t\t\t\t\t<\/div>\n\t\t\t\t<\/div>\n\t\t<div class=\"elementor-element elementor-element-e4e196e e-flex e-con-boxed elementor-invisible e-con e-parent\" data-id=\"e4e196e\" data-element_type=\"container\" data-e-type=\"container\" data-settings=\"{&quot;animation&quot;:&quot;fadeIn&quot;}\">\n\t\t\t\t\t<div class=\"e-con-inner\">\n\t\t\t\t<div class=\"elementor-element elementor-element-cab7179 elementor-widget__width-initial elementor-widget elementor-widget-image\" data-id=\"cab7179\" data-element_type=\"widget\" data-e-type=\"widget\" data-widget_type=\"image.default\">\n\t\t\t\t<div class=\"elementor-widget-container\">\n\t\t\t\t\t\t\t\t\t\t\t\t\t\t\t<img fetchpriority=\"high\" decoding=\"async\" width=\"667\" height=\"1000\" src=\"https:\/\/recoloco.com\/wp-content\/uploads\/2025\/04\/DSC05738.jpg\" class=\"attachment-large size-large wp-image-2399\" alt=\"\" srcset=\"https:\/\/recoloco.com\/wp-content\/uploads\/2025\/04\/DSC05738.jpg 667w, https:\/\/recoloco.com\/wp-content\/uploads\/2025\/04\/DSC05738-200x300.jpg 200w, https:\/\/recoloco.com\/wp-content\/uploads\/2025\/04\/DSC05738-500x750.jpg 500w\" sizes=\"(max-width: 667px) 100vw, 667px\" \/>\t\t\t\t\t\t\t\t\t\t\t\t\t\t\t<\/div>\n\t\t\t\t<\/div>\n\t\t<div class=\"elementor-element elementor-element-6f0cb99 e-con-full e-flex e-con e-child\" data-id=\"6f0cb99\" data-element_type=\"container\" data-e-type=\"container\">\n\t\t\t\t<div class=\"elementor-element elementor-element-ac29b5d elementor-widget__width-initial elementor-invisible elementor-widget elementor-widget-heading\" data-id=\"ac29b5d\" data-element_type=\"widget\" data-e-type=\"widget\" data-settings=\"{&quot;_animation&quot;:&quot;fadeInDown&quot;}\" data-widget_type=\"heading.default\">\n\t\t\t\t<div class=\"elementor-widget-container\">\n\t\t\t\t\t<h2 class=\"elementor-heading-title elementor-size-default\">Transformaci\u00f3n de espacios para que te sientas<br>\n \"C\u00f3mo en casa\"<\/h2>\t\t\t\t<\/div>\n\t\t\t\t<\/div>\n\t\t\t\t<div class=\"elementor-element elementor-element-af59321 elementor-widget-mobile__width-initial elementor-widget elementor-widget-heading\" data-id=\"af59321\" data-element_type=\"widget\" data-e-type=\"widget\" data-widget_type=\"heading.default\">\n\t\t\t\t<div class=\"elementor-widget-container\">\n\t\t\t\t\t<h2 class=\"elementor-heading-title elementor-size-default\">Un acompa\u00f1amiento personalizado<\/h2>\t\t\t\t<\/div>\n\t\t\t\t<\/div>\n\t\t\t\t<\/div>\n\t\t\t\t\t<\/div>\n\t\t\t\t<\/div>\n\t\t<div class=\"elementor-element elementor-element-17edd6b e-flex e-con-boxed e-con e-parent\" data-id=\"17edd6b\" data-element_type=\"container\" data-e-type=\"container\">\n\t\t\t\t\t<div class=\"e-con-inner\">\n\t\t\t\t<div class=\"elementor-element elementor-element-dfe0cca elementor-widget-divider--view-line elementor-widget elementor-widget-divider\" data-id=\"dfe0cca\" data-element_type=\"widget\" data-e-type=\"widget\" data-widget_type=\"divider.default\">\n\t\t\t\t<div class=\"elementor-widget-container\">\n\t\t\t\t\t\t\t<div class=\"elementor-divider\">\n\t\t\t<span class=\"elementor-divider-separator\">\n\t\t\t\t\t\t<\/span>\n\t\t<\/div>\n\t\t\t\t\t\t<\/div>\n\t\t\t\t<\/div>\n\t\t\t\t\t<\/div>\n\t\t\t\t<\/div>\n\t\t<div class=\"elementor-element elementor-element-90b84c0 e-con-full e-flex e-con e-parent\" data-id=\"90b84c0\" data-element_type=\"container\" data-e-type=\"container\">\n\t\t<div class=\"elementor-element elementor-element-7fe1827 e-con-full e-flex e-con e-child\" data-id=\"7fe1827\" data-element_type=\"container\" data-e-type=\"container\">\n\t\t\t\t<div class=\"elementor-element elementor-element-baa3f4a elementor-widget elementor-widget-heading\" data-id=\"baa3f4a\" data-element_type=\"widget\" data-e-type=\"widget\" data-widget_type=\"heading.default\">\n\t\t\t\t<div class=\"elementor-widget-container\">\n\t\t\t\t\t<h2 class=\"elementor-heading-title elementor-size-default\">S\u00cd, ES POSIBLE SENTIRTE BIEN EN TU PROPIA CASA.<\/h2>\t\t\t\t<\/div>\n\t\t\t\t<\/div>\n\t\t\t\t<div class=\"elementor-element elementor-element-9c33237 elementor-widget elementor-widget-image\" data-id=\"9c33237\" data-element_type=\"widget\" data-e-type=\"widget\" data-widget_type=\"image.default\">\n\t\t\t\t<div class=\"elementor-widget-container\">\n\t\t\t\t\t\t\t\t\t\t\t\t\t\t\t<img decoding=\"async\" width=\"191\" height=\"191\" src=\"https:\/\/recoloco.com\/wp-content\/uploads\/2025\/02\/Destello.svg\" class=\"attachment-large size-large wp-image-2045\" alt=\"\" \/>\t\t\t\t\t\t\t\t\t\t\t\t\t\t\t<\/div>\n\t\t\t\t<\/div>\n\t\t\t\t<div class=\"elementor-element elementor-element-1b852a7 elementor-widget elementor-widget-heading\" data-id=\"1b852a7\" data-element_type=\"widget\" data-e-type=\"widget\" data-widget_type=\"heading.default\">\n\t\t\t\t<div class=\"elementor-widget-container\">\n\t\t\t\t\t<h2 class=\"elementor-heading-title elementor-size-default\">Tu  casa deber\u00eda cuidarte, no agobiarte. S\u00e9 que es dif\u00edcil llegar a todo y ordenar, poner la casa a tu gusto o acabar con esa lista de tareas pendientes, se convierten en las \u00faltimas de tus prioridades. Vas sobreviviendo sin darte cuenta de como la frustraci\u00f3n y la carga mental van aumentando. <\/h2>\t\t\t\t<\/div>\n\t\t\t\t<\/div>\n\t\t\t\t<\/div>\n\t\t<div class=\"elementor-element elementor-element-0c30031 e-flex e-con-boxed e-con e-child\" data-id=\"0c30031\" data-element_type=\"container\" data-e-type=\"container\">\n\t\t\t\t\t<div class=\"e-con-inner\">\n\t\t\t\t<div class=\"elementor-element elementor-element-3dfe010 elementor-widget elementor-widget-image\" data-id=\"3dfe010\" data-element_type=\"widget\" data-e-type=\"widget\" data-widget_type=\"image.default\">\n\t\t\t\t<div class=\"elementor-widget-container\">\n\t\t\t\t\t\t\t\t\t\t\t\t\t\t\t<img decoding=\"async\" width=\"667\" height=\"1000\" src=\"https:\/\/recoloco.com\/wp-content\/uploads\/2025\/05\/DSC04782.jpg\" class=\"attachment-large size-large wp-image-2663\" alt=\"\" srcset=\"https:\/\/recoloco.com\/wp-content\/uploads\/2025\/05\/DSC04782.jpg 667w, https:\/\/recoloco.com\/wp-content\/uploads\/2025\/05\/DSC04782-200x300.jpg 200w, https:\/\/recoloco.com\/wp-content\/uploads\/2025\/05\/DSC04782-8x12.jpg 8w, https:\/\/recoloco.com\/wp-content\/uploads\/2025\/05\/DSC04782-500x750.jpg 500w\" sizes=\"(max-width: 667px) 100vw, 667px\" \/>\t\t\t\t\t\t\t\t\t\t\t\t\t\t\t<\/div>\n\t\t\t\t<\/div>\n\t\t\t\t\t<\/div>\n\t\t\t\t<\/div>\n\t\t\t\t<\/div>\n\t\t<div class=\"elementor-element elementor-element-f128d04 e-con-full e-flex e-con e-child\" data-id=\"f128d04\" data-element_type=\"container\" data-e-type=\"container\">\n\t\t\t\t<div class=\"elementor-element elementor-element-33c5341 elementor-widget-mobile__width-initial elementor-widget elementor-widget-heading\" data-id=\"33c5341\" data-element_type=\"widget\" data-e-type=\"widget\" data-widget_type=\"heading.default\">\n\t\t\t\t<div class=\"elementor-widget-container\">\n\t\t\t\t\t<h2 class=\"elementor-heading-title elementor-size-default\">Con Recoloco te acompa\u00f1o a reconectar con tu espacio: analizo tus gustos y necesidades y ejecuto cada cambio para que por fin  te sientas en paz, en tu propio hogar.<\/h2>\t\t\t\t<\/div>\n\t\t\t\t<\/div>\n\t\t\t\t<\/div>\n\t\t<div class=\"elementor-element elementor-element-e82c18e e-flex e-con-boxed e-con e-parent\" data-id=\"e82c18e\" data-element_type=\"container\" data-e-type=\"container\">\n\t\t\t\t\t<div class=\"e-con-inner\">\n\t\t\t\t<div class=\"elementor-element elementor-element-f52b13f elementor-widget-divider--view-line elementor-widget elementor-widget-divider\" data-id=\"f52b13f\" data-element_type=\"widget\" data-e-type=\"widget\" data-widget_type=\"divider.default\">\n\t\t\t\t<div class=\"elementor-widget-container\">\n\t\t\t\t\t\t\t<div class=\"elementor-divider\">\n\t\t\t<span class=\"elementor-divider-separator\">\n\t\t\t\t\t\t<\/span>\n\t\t<\/div>\n\t\t\t\t\t\t<\/div>\n\t\t\t\t<\/div>\n\t\t\t\t<div class=\"elementor-element elementor-element-6423287 elementor-widget elementor-widget-heading\" data-id=\"6423287\" data-element_type=\"widget\" data-e-type=\"widget\" data-widget_type=\"heading.default\">\n\t\t\t\t<div class=\"elementor-widget-container\">\n\t\t\t\t\t<h2 class=\"elementor-heading-title elementor-size-default\">\u00bfQu\u00e9 es Recoloco? <\/h2>\t\t\t\t<\/div>\n\t\t\t\t<\/div>\n\t\t\t\t\t<\/div>\n\t\t\t\t<\/div>\n\t\t<div class=\"elementor-element elementor-element-83b190d e-grid e-con-full e-con e-parent\" data-id=\"83b190d\" data-element_type=\"container\" data-e-type=\"container\">\n\t\t<div class=\"elementor-element elementor-element-275e934 e-flex e-con-boxed e-con e-child\" data-id=\"275e934\" data-element_type=\"container\" data-e-type=\"container\">\n\t\t\t\t\t<div class=\"e-con-inner\">\n\t\t\t\t<div class=\"elementor-element elementor-element-cde7b68 elementor-widget elementor-widget-image\" data-id=\"cde7b68\" data-element_type=\"widget\" data-e-type=\"widget\" data-widget_type=\"image.default\">\n\t\t\t\t<div class=\"elementor-widget-container\">\n\t\t\t\t\t\t\t\t\t\t\t\t\t\t\t<img loading=\"lazy\" decoding=\"async\" width=\"683\" height=\"1024\" src=\"https:\/\/recoloco.com\/wp-content\/uploads\/2024\/12\/WhatsApp-Image-2024-12-15-at-21.17.18-1-683x1024.jpeg\" class=\"attachment-large size-large wp-image-1748\" alt=\"\" srcset=\"https:\/\/recoloco.com\/wp-content\/uploads\/2024\/12\/WhatsApp-Image-2024-12-15-at-21.17.18-1-683x1024.jpeg 683w, https:\/\/recoloco.com\/wp-content\/uploads\/2024\/12\/WhatsApp-Image-2024-12-15-at-21.17.18-1-200x300.jpeg 200w, https:\/\/recoloco.com\/wp-content\/uploads\/2024\/12\/WhatsApp-Image-2024-12-15-at-21.17.18-1-500x750.jpeg 500w, https:\/\/recoloco.com\/wp-content\/uploads\/2024\/12\/WhatsApp-Image-2024-12-15-at-21.17.18-1.jpeg 736w\" sizes=\"(max-width: 683px) 100vw, 683px\" \/>\t\t\t\t\t\t\t\t\t\t\t\t\t\t\t<\/div>\n\t\t\t\t<\/div>\n\t\t\t\t<div class=\"elementor-element elementor-element-b6b1cd3 elementor-widget elementor-widget-heading\" data-id=\"b6b1cd3\" data-element_type=\"widget\" data-e-type=\"widget\" data-widget_type=\"heading.default\">\n\t\t\t\t<div class=\"elementor-widget-container\">\n\t\t\t\t\t<h2 class=\"elementor-heading-title elementor-size-default\">Recoloco es un servicio de <b>mejora del hogar<\/b> con base en Luxemburgo. Ofrezco organizaci\u00f3n de espacios, decoraci\u00f3n y tareas de mantenimiento menor para <b>facilitarte el d\u00eda a d\u00eda<\/b>, y que tu casa refleje qui\u00e9n eres y c\u00f3mo quieres vivir.<br><br>\nDesde montar un mueble hasta transformar una habitaci\u00f3n entera, Recoloco te acompa\u00f1a paso a paso para que los cambios se mantengan y tengan sentido a largo plazo.<br><\/h2>\t\t\t\t<\/div>\n\t\t\t\t<\/div>\n\t\t\t\t<div class=\"elementor-element elementor-element-b4c4ae3 elementor-widget elementor-widget-button\" data-id=\"b4c4ae3\" data-element_type=\"widget\" data-e-type=\"widget\" data-settings=\"{&quot;_animation&quot;:&quot;none&quot;}\" data-widget_type=\"button.default\">\n\t\t\t\t<div class=\"elementor-widget-container\">\n\t\t\t\t\t\t\t\t\t<div class=\"elementor-button-wrapper\">\n\t\t\t\t\t<a class=\"elementor-button elementor-button-link elementor-size-sm elementor-animation-grow\" href=\"http:\/\/recoloco.es\/reserva-primera-llamada\">\n\t\t\t\t\t\t<span class=\"elementor-button-content-wrapper\">\n\t\t\t\t\t\t\t\t\t<span class=\"elementor-button-text\">Quiero un recoloco<\/span>\n\t\t\t\t\t<\/span>\n\t\t\t\t\t<\/a>\n\t\t\t\t<\/div>\n\t\t\t\t\t\t\t\t<\/div>\n\t\t\t\t<\/div>\n\t\t\t\t\t<\/div>\n\t\t\t\t<\/div>\n\t\t<div class=\"elementor-element elementor-element-e0f7b1a e-flex e-con-boxed e-con e-child\" data-id=\"e0f7b1a\" data-element_type=\"container\" data-e-type=\"container\">\n\t\t\t\t\t<div class=\"e-con-inner\">\n\t\t\t\t<div class=\"elementor-element elementor-element-a3c6831 elementor-widget elementor-widget-heading\" data-id=\"a3c6831\" data-element_type=\"widget\" data-e-type=\"widget\" data-widget_type=\"heading.default\">\n\t\t\t\t<div class=\"elementor-widget-container\">\n\t\t\t\t\t<h2 class=\"elementor-heading-title elementor-size-default\">MISI\u00d3N<\/h2>\t\t\t\t<\/div>\n\t\t\t\t<\/div>\n\t\t\t\t<div class=\"elementor-element elementor-element-358cb4b animated-slow elementor-invisible elementor-widget elementor-widget-text-editor\" data-id=\"358cb4b\" data-element_type=\"widget\" data-e-type=\"widget\" data-settings=\"{&quot;_animation&quot;:&quot;fadeInDown&quot;}\" data-widget_type=\"text-editor.default\">\n\t\t\t\t<div class=\"elementor-widget-container\">\n\t\t\t\t\t\t\t\t\t<p>Mejorar la calidad de vida de la gente creando espacios organizados y acogedores que se identifiquen con sus gustos, necesidades y estilo de vida.\u00a0<\/p>\t\t\t\t\t\t\t\t<\/div>\n\t\t\t\t<\/div>\n\t\t\t\t\t<\/div>\n\t\t\t\t<\/div>\n\t\t\t\t<\/div>\n\t\t\t\t<\/div>","protected":false},"excerpt":{"rendered":"<p>menos caos = m\u00e1s calma Transformaci\u00f3n de espacios para que te sientas &#8220;C\u00f3mo en casa&#8221; Un acompa\u00f1amiento personalizado S\u00cd, ES POSIBLE SENTIRTE BIEN EN TU PROPIA CASA. Tu casa deber\u00eda cuidarte, no agobiarte. S\u00e9 que es dif\u00edcil llegar a todo y ordenar, poner la casa a tu gusto o acabar con esa lista de tareas [&hellip;]<\/p>\n","protected":false},"author":1,"featured_media":0,"parent":0,"menu_order":0,"comment_status":"closed","ping_status":"closed","template":"elementor_header_footer","meta":{"site-sidebar-layout":"default","site-content-layout":"","ast-site-content-layout":"default","site-content-style":"default","site-sidebar-style":"default","ast-global-header-display":"","ast-banner-title-visibility":"","ast-main-header-display":"","ast-hfb-above-header-display":"","ast-hfb-below-header-display":"","ast-hfb-mobile-header-display":"","site-post-title":"","ast-breadcrumbs-content":"","ast-featured-img":"","footer-sml-layout":"","ast-disable-related-posts":"","theme-transparent-header-meta":"","adv-header-id-meta":"","stick-header-meta":"","header-above-stick-meta":"","header-main-stick-meta":"","header-below-stick-meta":"","astra-migrate-meta-layouts":"set","ast-page-background-enabled":"default","ast-page-background-meta":{"desktop":{"background-color":"var(--ast-global-color-4)","background-image":"","background-repeat":"repeat","background-position":"center center","background-size":"auto","background-attachment":"scroll","background-type":"","background-media":"","overlay-type":"","overlay-color":"","overlay-opacity":"","overlay-gradient":""},"tablet":{"background-color":"","background-image":"","background-repeat":"repeat","background-position":"center center","background-size":"auto","background-attachment":"scroll","background-type":"","background-media":"","overlay-type":"","overlay-color":"","overlay-opacity":"","overlay-gradient":""},"mobile":{"background-color":"","background-image":"","background-repeat":"repeat","background-position":"center center","background-size":"auto","background-attachment":"scroll","background-type":"","background-media":"","overlay-type":"","overlay-color":"","overlay-opacity":"","overlay-gradient":""}},"ast-content-background-meta":{"desktop":{"background-color":"var(--ast-global-color-5)","background-image":"","background-repeat":"repeat","background-position":"center center","background-size":"auto","background-attachment":"scroll","background-type":"","background-media":"","overlay-type":"","overlay-color":"","overlay-opacity":"","overlay-gradient":""},"tablet":{"background-color":"var(--ast-global-color-5)","background-image":"","background-repeat":"repeat","background-position":"center center","background-size":"auto","background-attachment":"scroll","background-type":"","background-media":"","overlay-type":"","overlay-color":"","overlay-opacity":"","overlay-gradient":""},"mobile":{"background-color":"var(--ast-global-color-5)","background-image":"","background-repeat":"repeat","background-position":"center center","background-size":"auto","background-attachment":"scroll","background-type":"","background-media":"","overlay-type":"","overlay-color":"","overlay-opacity":"","overlay-gradient":""}},"_vp_format_video_url":"","_vp_image_focal_point":[],"footnotes":""},"class_list":["post-1655","page","type-page","status-publish","hentry"],"yoast_head":"<!-- This site is optimized with the Yoast SEO plugin v27.5 - https:\/\/yoast.com\/product\/yoast-seo-wordpress\/ -->\n<title>\u00bfqu\u00e9 es recoloco? - Recoloco \u2013 Professional organizer &amp; space transformation in Luxembourg<\/title>\n<meta name=\"description\" content=\"Professional home organization, interior decoration and handyman services in Luxembourg. Transform your space with Recoloco.\" \/>\n<meta name=\"robots\" content=\"index, follow, max-snippet:-1, max-image-preview:large, max-video-preview:-1\" \/>\n<link rel=\"canonical\" href=\"https:\/\/recoloco.com\/es\/recoloco\/\" \/>\n<meta property=\"og:locale\" content=\"es_ES\" \/>\n<meta property=\"og:type\" content=\"article\" \/>\n<meta property=\"og:title\" content=\"\u00bfqu\u00e9 es recoloco? - Recoloco \u2013 Professional organizer &amp; space transformation in Luxembourg\" \/>\n<meta property=\"og:description\" content=\"Professional home organization, interior decoration and handyman services in Luxembourg. Transform your space with Recoloco.\" \/>\n<meta property=\"og:url\" content=\"https:\/\/recoloco.com\/es\/recoloco\/\" \/>\n<meta property=\"og:site_name\" content=\"Recoloco \u2013 Professional organizer &amp; space transformation in Luxembourg\" \/>\n<meta property=\"article:modified_time\" content=\"2026-03-18T13:14:36+00:00\" \/>\n<meta property=\"og:image\" content=\"https:\/\/recoloco.com\/wp-content\/uploads\/2025\/04\/DSC05738.jpg\" \/>\n<meta name=\"twitter:card\" content=\"summary_large_image\" \/>\n<meta name=\"twitter:label1\" content=\"Tiempo de lectura\" \/>\n\t<meta name=\"twitter:data1\" content=\"2 minutos\" \/>\n<script type=\"application\/ld+json\" class=\"yoast-schema-graph\">{\"@context\":\"https:\\\/\\\/schema.org\",\"@graph\":[{\"@type\":\"WebPage\",\"@id\":\"https:\\\/\\\/recoloco.com\\\/recoloco\\\/\",\"url\":\"https:\\\/\\\/recoloco.com\\\/recoloco\\\/\",\"name\":\"\u00bfqu\u00e9 es recoloco? - Recoloco \u2013 Professional organizer &amp; space transformation in Luxembourg\",\"isPartOf\":{\"@id\":\"https:\\\/\\\/recoloco.com\\\/#website\"},\"primaryImageOfPage\":{\"@id\":\"https:\\\/\\\/recoloco.com\\\/recoloco\\\/#primaryimage\"},\"image\":{\"@id\":\"https:\\\/\\\/recoloco.com\\\/recoloco\\\/#primaryimage\"},\"thumbnailUrl\":\"https:\\\/\\\/recoloco.com\\\/wp-content\\\/uploads\\\/2025\\\/04\\\/DSC05738.jpg\",\"datePublished\":\"2024-11-13T15:49:45+00:00\",\"dateModified\":\"2026-03-18T13:14:36+00:00\",\"description\":\"Professional home organization, interior decoration and handyman services in Luxembourg. Transform your space with Recoloco.\",\"breadcrumb\":{\"@id\":\"https:\\\/\\\/recoloco.com\\\/recoloco\\\/#breadcrumb\"},\"inLanguage\":\"es\",\"potentialAction\":[{\"@type\":\"ReadAction\",\"target\":[\"https:\\\/\\\/recoloco.com\\\/recoloco\\\/\"]}]},{\"@type\":\"ImageObject\",\"inLanguage\":\"es\",\"@id\":\"https:\\\/\\\/recoloco.com\\\/recoloco\\\/#primaryimage\",\"url\":\"https:\\\/\\\/recoloco.com\\\/wp-content\\\/uploads\\\/2025\\\/04\\\/DSC05738.jpg\",\"contentUrl\":\"https:\\\/\\\/recoloco.com\\\/wp-content\\\/uploads\\\/2025\\\/04\\\/DSC05738.jpg\"},{\"@type\":\"BreadcrumbList\",\"@id\":\"https:\\\/\\\/recoloco.com\\\/recoloco\\\/#breadcrumb\",\"itemListElement\":[{\"@type\":\"ListItem\",\"position\":1,\"name\":\"Home\",\"item\":\"https:\\\/\\\/recoloco.com\\\/\"},{\"@type\":\"ListItem\",\"position\":2,\"name\":\"\u00bfqu\u00e9 es recoloco?\"}]},{\"@type\":\"WebSite\",\"@id\":\"https:\\\/\\\/recoloco.com\\\/#website\",\"url\":\"https:\\\/\\\/recoloco.com\\\/\",\"name\":\"Recoloco \u2013 Home organizer & space transformation in Luxembourg\",\"description\":\"Another House is Another Life.\",\"publisher\":{\"@id\":\"https:\\\/\\\/recoloco.com\\\/#organization\"},\"potentialAction\":[{\"@type\":\"SearchAction\",\"target\":{\"@type\":\"EntryPoint\",\"urlTemplate\":\"https:\\\/\\\/recoloco.com\\\/?s={search_term_string}\"},\"query-input\":{\"@type\":\"PropertyValueSpecification\",\"valueRequired\":true,\"valueName\":\"search_term_string\"}}],\"inLanguage\":\"es\"},{\"@type\":\"Organization\",\"@id\":\"https:\\\/\\\/recoloco.com\\\/#organization\",\"name\":\"Recoloco \u2013 Home organizer & space transformation in Luxembourg\",\"url\":\"https:\\\/\\\/recoloco.com\\\/\",\"logo\":{\"@type\":\"ImageObject\",\"inLanguage\":\"es\",\"@id\":\"https:\\\/\\\/recoloco.com\\\/#\\\/schema\\\/logo\\\/image\\\/\",\"url\":\"https:\\\/\\\/recoloco.com\\\/wp-content\\\/uploads\\\/2025\\\/06\\\/LogoRGB.svg\",\"contentUrl\":\"https:\\\/\\\/recoloco.com\\\/wp-content\\\/uploads\\\/2025\\\/06\\\/LogoRGB.svg\",\"width\":500,\"height\":200,\"caption\":\"Recoloco \u2013 Home organizer & space transformation in Luxembourg\"},\"image\":{\"@id\":\"https:\\\/\\\/recoloco.com\\\/#\\\/schema\\\/logo\\\/image\\\/\"},\"sameAs\":[\"https:\\\/\\\/www.instagram.com\\\/re_coloco\\\/\"]}]}<\/script>\n<!-- \/ Yoast SEO plugin. -->","yoast_head_json":{"title":"\u00bfqu\u00e9 es recoloco? - Recoloco \u2013 Professional organizer &amp; space transformation in Luxembourg","description":"Professional home organization, interior decoration and handyman services in Luxembourg. Transform your space with Recoloco.","robots":{"index":"index","follow":"follow","max-snippet":"max-snippet:-1","max-image-preview":"max-image-preview:large","max-video-preview":"max-video-preview:-1"},"canonical":"https:\/\/recoloco.com\/es\/recoloco\/","og_locale":"es_ES","og_type":"article","og_title":"\u00bfqu\u00e9 es recoloco? - Recoloco \u2013 Professional organizer &amp; space transformation in Luxembourg","og_description":"Professional home organization, interior decoration and handyman services in Luxembourg. Transform your space with Recoloco.","og_url":"https:\/\/recoloco.com\/es\/recoloco\/","og_site_name":"Recoloco \u2013 Professional organizer &amp; space transformation in Luxembourg","article_modified_time":"2026-03-18T13:14:36+00:00","og_image":[{"url":"https:\/\/recoloco.com\/wp-content\/uploads\/2025\/04\/DSC05738.jpg","type":"","width":"","height":""}],"twitter_card":"summary_large_image","twitter_misc":{"Tiempo de lectura":"2 minutos"},"schema":{"@context":"https:\/\/schema.org","@graph":[{"@type":"WebPage","@id":"https:\/\/recoloco.com\/recoloco\/","url":"https:\/\/recoloco.com\/recoloco\/","name":"\u00bfqu\u00e9 es recoloco? - Recoloco \u2013 Professional organizer &amp; space transformation in Luxembourg","isPartOf":{"@id":"https:\/\/recoloco.com\/#website"},"primaryImageOfPage":{"@id":"https:\/\/recoloco.com\/recoloco\/#primaryimage"},"image":{"@id":"https:\/\/recoloco.com\/recoloco\/#primaryimage"},"thumbnailUrl":"https:\/\/recoloco.com\/wp-content\/uploads\/2025\/04\/DSC05738.jpg","datePublished":"2024-11-13T15:49:45+00:00","dateModified":"2026-03-18T13:14:36+00:00","description":"Professional home organization, interior decoration and handyman services in Luxembourg. Transform your space with Recoloco.","breadcrumb":{"@id":"https:\/\/recoloco.com\/recoloco\/#breadcrumb"},"inLanguage":"es","potentialAction":[{"@type":"ReadAction","target":["https:\/\/recoloco.com\/recoloco\/"]}]},{"@type":"ImageObject","inLanguage":"es","@id":"https:\/\/recoloco.com\/recoloco\/#primaryimage","url":"https:\/\/recoloco.com\/wp-content\/uploads\/2025\/04\/DSC05738.jpg","contentUrl":"https:\/\/recoloco.com\/wp-content\/uploads\/2025\/04\/DSC05738.jpg"},{"@type":"BreadcrumbList","@id":"https:\/\/recoloco.com\/recoloco\/#breadcrumb","itemListElement":[{"@type":"ListItem","position":1,"name":"Home","item":"https:\/\/recoloco.com\/"},{"@type":"ListItem","position":2,"name":"\u00bfqu\u00e9 es recoloco?"}]},{"@type":"WebSite","@id":"https:\/\/recoloco.com\/#website","url":"https:\/\/recoloco.com\/","name":"Recoloco \u2013 Home organizer & space transformation in Luxembourg","description":"Another House is Another Life.","publisher":{"@id":"https:\/\/recoloco.com\/#organization"},"potentialAction":[{"@type":"SearchAction","target":{"@type":"EntryPoint","urlTemplate":"https:\/\/recoloco.com\/?s={search_term_string}"},"query-input":{"@type":"PropertyValueSpecification","valueRequired":true,"valueName":"search_term_string"}}],"inLanguage":"es"},{"@type":"Organization","@id":"https:\/\/recoloco.com\/#organization","name":"Recoloco \u2013 Home organizer & space transformation in Luxembourg","url":"https:\/\/recoloco.com\/","logo":{"@type":"ImageObject","inLanguage":"es","@id":"https:\/\/recoloco.com\/#\/schema\/logo\/image\/","url":"https:\/\/recoloco.com\/wp-content\/uploads\/2025\/06\/LogoRGB.svg","contentUrl":"https:\/\/recoloco.com\/wp-content\/uploads\/2025\/06\/LogoRGB.svg","width":500,"height":200,"caption":"Recoloco \u2013 Home organizer & space transformation in Luxembourg"},"image":{"@id":"https:\/\/recoloco.com\/#\/schema\/logo\/image\/"},"sameAs":["https:\/\/www.instagram.com\/re_coloco\/"]}]}},"_links":{"self":[{"href":"https:\/\/recoloco.com\/es\/wp-json\/wp\/v2\/pages\/1655","targetHints":{"allow":["GET"]}}],"collection":[{"href":"https:\/\/recoloco.com\/es\/wp-json\/wp\/v2\/pages"}],"about":[{"href":"https:\/\/recoloco.com\/es\/wp-json\/wp\/v2\/types\/page"}],"author":[{"embeddable":true,"href":"https:\/\/recoloco.com\/es\/wp-json\/wp\/v2\/users\/1"}],"replies":[{"embeddable":true,"href":"https:\/\/recoloco.com\/es\/wp-json\/wp\/v2\/comments?post=1655"}],"version-history":[{"count":114,"href":"https:\/\/recoloco.com\/es\/wp-json\/wp\/v2\/pages\/1655\/revisions"}],"predecessor-version":[{"id":3759,"href":"https:\/\/recoloco.com\/es\/wp-json\/wp\/v2\/pages\/1655\/revisions\/3759"}],"wp:attachment":[{"href":"https:\/\/recoloco.com\/es\/wp-json\/wp\/v2\/media?parent=1655"}],"curies":[{"name":"wp","href":"https:\/\/api.w.org\/{rel}","templated":true}]}}