{"id":3486,"date":"2025-07-23T12:58:09","date_gmt":"2025-07-23T11:58:09","guid":{"rendered":"https:\/\/recoloco.com\/?page_id=3486"},"modified":"2026-03-18T18:15:23","modified_gmt":"2026-03-18T17:15:23","slug":"contact-recoloco","status":"publish","type":"page","link":"https:\/\/recoloco.com\/es\/contact-recoloco\/","title":{"rendered":"Contacto"},"content":{"rendered":"<div style=\"height:40px\" aria-hidden=\"true\" class=\"wp-block-spacer\"><\/div>\n\n\n\n<div class=\"wp-block-group alignwide is-layout-constrained wp-container-core-group-is-layout-236b1b9c wp-block-group-is-layout-constrained\" style=\"padding-top:0;padding-bottom:0\">\n<div class=\"wp-block-columns are-vertically-aligned-center is-layout-flex wp-container-core-columns-is-layout-576acf82 wp-block-columns-is-layout-flex\" style=\"padding-right:0px;padding-left:0px\">\n<div class=\"wp-block-column is-vertically-aligned-center is-layout-constrained wp-block-column-is-layout-constrained\">\n<figure class=\"wp-block-image aligncenter size-full has-custom-border is-style-default\"><img fetchpriority=\"high\" decoding=\"async\" width=\"564\" height=\"846\" src=\"https:\/\/recoloco.com\/wp-content\/uploads\/2025\/04\/3d17f08b921d39a0719d353c6c15b9cb.jpg\" alt=\"\" class=\"wp-image-2315\" style=\"border-style:none;border-width:0px;border-radius:10px;aspect-ratio:1;object-fit:cover\" srcset=\"https:\/\/recoloco.com\/wp-content\/uploads\/2025\/04\/3d17f08b921d39a0719d353c6c15b9cb.jpg 564w, https:\/\/recoloco.com\/wp-content\/uploads\/2025\/04\/3d17f08b921d39a0719d353c6c15b9cb-200x300.jpg 200w, https:\/\/recoloco.com\/wp-content\/uploads\/2025\/04\/3d17f08b921d39a0719d353c6c15b9cb-500x750.jpg 500w\" sizes=\"(max-width: 564px) 100vw, 564px\" \/><\/figure>\n<\/div>\n\n\n\n<div class=\"wp-block-column is-vertically-aligned-center is-layout-flow wp-block-column-is-layout-flow\" style=\"padding-right:0px\">\n<div style=\"height:30px\" aria-hidden=\"true\" class=\"wp-block-spacer\"><\/div>\n\n\n\n<h1 class=\"wp-block-heading has-text-align-center has-ast-global-color-0-color has-text-color has-link-color wp-elements-3c33de9adfdc0854d92e8c196be0c0cb\" style=\"border-radius:0px;font-style:normal;font-weight:400;line-height:1;text-transform:uppercase\">\u00a1HABLEMOS!<\/h1>\n\n\n\n<p>\u00bfQuieres dar el primer paso para transformar tu hogar? <br>Cont\u00e1ctame por WhatsApp, correo electr\u00f3nico o Instagram y responder\u00e9 a la brevedad.<\/p>\n\n\n\n<p>Comenzaremos con una breve llamada para conocer tu proyecto, resolver dudas y, si lo necesitas, agendar tu primera visita personalizada.<\/p>\n\n\n\n<p>Estoy aqu\u00ed para acompa\u00f1arte en cada paso del camino hacia el hogar que deseas<\/p>\n\n\n\n<div style=\"height:30px\" aria-hidden=\"true\" class=\"wp-block-spacer\"><\/div>\n\n\n\n<div class=\"wp-block-buttons alignwide is-content-justification-center is-layout-flex wp-container-core-buttons-is-layout-a89b3969 wp-block-buttons-is-layout-flex\">\n<div class=\"wp-block-button is-style-fill\"><a class=\"wp-block-button__link wp-element-button\" href=\"https:\/\/wa.me\/+352691259993\" target=\"_blank\" rel=\"noreferrer noopener\">WHATSAPP<\/a><\/div>\n\n\n\n<div class=\"wp-block-button is-style-outline is-style-outline--1\"><a class=\"wp-block-button__link wp-element-button\" href=\"mailto:info@recoloco.com\">ENVIAR EMAIL<\/a><\/div>\n\n\n\n<div class=\"wp-block-button is-style-outline is-style-outline--2\"><a class=\"wp-block-button__link wp-element-button\" href=\"https:\/\/www.instagram.com\/re_coloco\">INSTAGRAM<\/a><\/div>\n<\/div>\n\n\n\n<div style=\"height:40px\" aria-hidden=\"true\" class=\"wp-block-spacer\"><\/div>\n\n\n\n<p class=\"has-text-align-right has-ast-global-color-0-color has-text-color has-link-color wp-elements-f47869c260b18b9bdc725ebff1286a48\" style=\"font-size:12px;font-style:normal;font-weight:400\">#OtraCasaEsOtraVida<\/p>\n<\/div>\n<\/div>\n<\/div>\n\n\n\n<div style=\"height:30px\" aria-hidden=\"true\" class=\"wp-block-spacer\"><\/div>\n\n\n\n<div class=\"wp-block-group alignwide has-ast-global-color-4-background-color has-background is-layout-constrained wp-container-core-group-is-layout-756e3c9e wp-block-group-is-layout-constrained\" style=\"padding-top:20px;padding-bottom:20px;font-style:normal;font-weight:400\">\n<div style=\"height:30px\" aria-hidden=\"true\" class=\"wp-block-spacer\"><\/div>\n\n\n\n<h2 class=\"wp-block-heading has-text-align-center has-ast-global-color-1-color has-text-color has-link-color wp-elements-1b87eb30ed7622089686eb4474379a19\" style=\"border-style:none;border-width:0px;border-radius:0px;line-height:1.6\">\u00bfNo est\u00e1s segur@ de lo que necesitas?<\/h2>\n\n\n\n<p class=\"has-text-align-center\">Explora mis servicios y averigua como puedo ayudarte a transformar tu hogar.<\/p>\n\n\n\n<div class=\"wp-block-buttons alignwide is-content-justification-center is-layout-flex wp-container-core-buttons-is-layout-a89b3969 wp-block-buttons-is-layout-flex\">\n<div class=\"wp-block-button is-style-fill\"><a class=\"wp-block-button__link wp-element-button\" href=\"https:\/\/recoloco.com\/es\/organization\/\">EXPLORAR ORDEN<\/a><\/div>\n\n\n\n<div class=\"wp-block-button is-style-fill\"><a class=\"wp-block-button__link wp-element-button\" href=\"https:\/\/recoloco.com\/es\/services-2\/decoration\/\">EXPLORARA DECO<\/a><\/div>\n\n\n\n<div class=\"wp-block-button is-style-fill\"><a class=\"wp-block-button__link wp-element-button\" href=\"https:\/\/recoloco.com\/es\/services-2\/fixes\/\">EXPLORAR MANITAS<\/a><\/div>\n<\/div>\n\n\n\n<div style=\"height:30px\" aria-hidden=\"true\" class=\"wp-block-spacer\"><\/div>\n<\/div>\n\n\n\n<div style=\"height:30px\" aria-hidden=\"true\" class=\"wp-block-spacer\"><\/div>","protected":false},"excerpt":{"rendered":"<p>let&#8217;s talk! Ready to take the first step in transforming your home? Reach out to me via WhatsApp, email, or Instagram, and I\u2019ll get back to you as soon as possible. We\u2019ll start with a short call to discuss your project, answer your questions, and, if needed, schedule your first personalized visit. I\u2019m here to [&hellip;]<\/p>\n","protected":false},"author":5,"featured_media":0,"parent":0,"menu_order":0,"comment_status":"closed","ping_status":"closed","template":"","meta":{"site-sidebar-layout":"default","site-content-layout":"","ast-site-content-layout":"normal-width-container","site-content-style":"default","site-sidebar-style":"default","ast-global-header-display":"","ast-banner-title-visibility":"","ast-main-header-display":"","ast-hfb-above-header-display":"","ast-hfb-below-header-display":"","ast-hfb-mobile-header-display":"","site-post-title":"disabled","ast-breadcrumbs-content":"","ast-featured-img":"","footer-sml-layout":"","ast-disable-related-posts":"","theme-transparent-header-meta":"","adv-header-id-meta":"","stick-header-meta":"","header-above-stick-meta":"","header-main-stick-meta":"","header-below-stick-meta":"","astra-migrate-meta-layouts":"set","ast-page-background-enabled":"default","ast-page-background-meta":{"desktop":{"background-color":"var(--ast-global-color-4)","background-image":"","background-repeat":"repeat","background-position":"center center","background-size":"auto","background-attachment":"scroll","background-type":"","background-media":"","overlay-type":"","overlay-color":"","overlay-opacity":"","overlay-gradient":""},"tablet":{"background-color":"","background-image":"","background-repeat":"repeat","background-position":"center center","background-size":"auto","background-attachment":"scroll","background-type":"","background-media":"","overlay-type":"","overlay-color":"","overlay-opacity":"","overlay-gradient":""},"mobile":{"background-color":"","background-image":"","background-repeat":"repeat","background-position":"center center","background-size":"auto","background-attachment":"scroll","background-type":"","background-media":"","overlay-type":"","overlay-color":"","overlay-opacity":"","overlay-gradient":""}},"ast-content-background-meta":{"desktop":{"background-color":"var(--ast-global-color-5)","background-image":"","background-repeat":"repeat","background-position":"center center","background-size":"auto","background-attachment":"scroll","background-type":"","background-media":"","overlay-type":"","overlay-color":"","overlay-opacity":"","overlay-gradient":""},"tablet":{"background-color":"var(--ast-global-color-5)","background-image":"","background-repeat":"repeat","background-position":"center center","background-size":"auto","background-attachment":"scroll","background-type":"","background-media":"","overlay-type":"","overlay-color":"","overlay-opacity":"","overlay-gradient":""},"mobile":{"background-color":"var(--ast-global-color-5)","background-image":"","background-repeat":"repeat","background-position":"center center","background-size":"auto","background-attachment":"scroll","background-type":"","background-media":"","overlay-type":"","overlay-color":"","overlay-opacity":"","overlay-gradient":""}},"_vp_format_video_url":"","_vp_image_focal_point":[],"footnotes":""},"class_list":["post-3486","page","type-page","status-publish","hentry"],"yoast_head":"<!-- This site is optimized with the Yoast SEO plugin v27.4 - https:\/\/yoast.com\/product\/yoast-seo-wordpress\/ -->\n<title>Contact - Recoloco \u2013 Professional organizer &amp; space transformation in Luxembourg<\/title>\n<meta name=\"robots\" content=\"index, follow, max-snippet:-1, max-image-preview:large, max-video-preview:-1\" \/>\n<link rel=\"canonical\" href=\"https:\/\/recoloco.com\/es\/contact-recoloco\/\" \/>\n<meta property=\"og:locale\" content=\"es_ES\" \/>\n<meta property=\"og:type\" content=\"article\" \/>\n<meta property=\"og:title\" content=\"Contact - Recoloco \u2013 Professional organizer &amp; space transformation in Luxembourg\" \/>\n<meta property=\"og:description\" content=\"let&#8217;s talk! Ready to take the first step in transforming your home? Reach out to me via WhatsApp, email, or Instagram, and I\u2019ll get back to you as soon as possible. We\u2019ll start with a short call to discuss your project, answer your questions, and, if needed, schedule your first personalized visit. I\u2019m here to [&hellip;]\" \/>\n<meta property=\"og:url\" content=\"https:\/\/recoloco.com\/es\/contact-recoloco\/\" \/>\n<meta property=\"og:site_name\" content=\"Recoloco \u2013 Professional organizer &amp; space transformation in Luxembourg\" \/>\n<meta property=\"article:modified_time\" content=\"2026-03-18T17:15:23+00:00\" \/>\n<meta property=\"og:image\" content=\"https:\/\/recoloco.com\/wp-content\/uploads\/2025\/04\/3d17f08b921d39a0719d353c6c15b9cb.jpg\" \/>\n\t<meta property=\"og:image:width\" content=\"564\" \/>\n\t<meta property=\"og:image:height\" content=\"846\" \/>\n\t<meta property=\"og:image:type\" content=\"image\/jpeg\" \/>\n<meta name=\"twitter:card\" content=\"summary_large_image\" \/>\n<meta name=\"twitter:label1\" content=\"Tiempo de lectura\" \/>\n\t<meta name=\"twitter:data1\" content=\"1 minuto\" \/>\n<script type=\"application\/ld+json\" class=\"yoast-schema-graph\">{\"@context\":\"https:\\\/\\\/schema.org\",\"@graph\":[{\"@type\":\"WebPage\",\"@id\":\"https:\\\/\\\/recoloco.com\\\/contact-recoloco\\\/\",\"url\":\"https:\\\/\\\/recoloco.com\\\/contact-recoloco\\\/\",\"name\":\"Contact - Recoloco \u2013 Professional organizer &amp; space transformation in Luxembourg\",\"isPartOf\":{\"@id\":\"https:\\\/\\\/recoloco.com\\\/#website\"},\"primaryImageOfPage\":{\"@id\":\"https:\\\/\\\/recoloco.com\\\/contact-recoloco\\\/#primaryimage\"},\"image\":{\"@id\":\"https:\\\/\\\/recoloco.com\\\/contact-recoloco\\\/#primaryimage\"},\"thumbnailUrl\":\"https:\\\/\\\/recoloco.com\\\/wp-content\\\/uploads\\\/2025\\\/04\\\/3d17f08b921d39a0719d353c6c15b9cb.jpg\",\"datePublished\":\"2025-07-23T11:58:09+00:00\",\"dateModified\":\"2026-03-18T17:15:23+00:00\",\"breadcrumb\":{\"@id\":\"https:\\\/\\\/recoloco.com\\\/contact-recoloco\\\/#breadcrumb\"},\"inLanguage\":\"es\",\"potentialAction\":[{\"@type\":\"ReadAction\",\"target\":[\"https:\\\/\\\/recoloco.com\\\/contact-recoloco\\\/\"]}]},{\"@type\":\"ImageObject\",\"inLanguage\":\"es\",\"@id\":\"https:\\\/\\\/recoloco.com\\\/contact-recoloco\\\/#primaryimage\",\"url\":\"https:\\\/\\\/recoloco.com\\\/wp-content\\\/uploads\\\/2025\\\/04\\\/3d17f08b921d39a0719d353c6c15b9cb.jpg\",\"contentUrl\":\"https:\\\/\\\/recoloco.com\\\/wp-content\\\/uploads\\\/2025\\\/04\\\/3d17f08b921d39a0719d353c6c15b9cb.jpg\"},{\"@type\":\"BreadcrumbList\",\"@id\":\"https:\\\/\\\/recoloco.com\\\/contact-recoloco\\\/#breadcrumb\",\"itemListElement\":[{\"@type\":\"ListItem\",\"position\":1,\"name\":\"Home\",\"item\":\"https:\\\/\\\/recoloco.com\\\/\"},{\"@type\":\"ListItem\",\"position\":2,\"name\":\"Contact\"}]},{\"@type\":\"WebSite\",\"@id\":\"https:\\\/\\\/recoloco.com\\\/#website\",\"url\":\"https:\\\/\\\/recoloco.com\\\/\",\"name\":\"Recoloco \u2013 Home organizer & space transformation in Luxembourg\",\"description\":\"Another House is Another Life.\",\"publisher\":{\"@id\":\"https:\\\/\\\/recoloco.com\\\/#organization\"},\"potentialAction\":[{\"@type\":\"SearchAction\",\"target\":{\"@type\":\"EntryPoint\",\"urlTemplate\":\"https:\\\/\\\/recoloco.com\\\/?s={search_term_string}\"},\"query-input\":{\"@type\":\"PropertyValueSpecification\",\"valueRequired\":true,\"valueName\":\"search_term_string\"}}],\"inLanguage\":\"es\"},{\"@type\":\"Organization\",\"@id\":\"https:\\\/\\\/recoloco.com\\\/#organization\",\"name\":\"Recoloco \u2013 Home organizer & space transformation in Luxembourg\",\"url\":\"https:\\\/\\\/recoloco.com\\\/\",\"logo\":{\"@type\":\"ImageObject\",\"inLanguage\":\"es\",\"@id\":\"https:\\\/\\\/recoloco.com\\\/#\\\/schema\\\/logo\\\/image\\\/\",\"url\":\"https:\\\/\\\/recoloco.com\\\/wp-content\\\/uploads\\\/2025\\\/06\\\/LogoRGB.svg\",\"contentUrl\":\"https:\\\/\\\/recoloco.com\\\/wp-content\\\/uploads\\\/2025\\\/06\\\/LogoRGB.svg\",\"width\":500,\"height\":200,\"caption\":\"Recoloco \u2013 Home organizer & space transformation in Luxembourg\"},\"image\":{\"@id\":\"https:\\\/\\\/recoloco.com\\\/#\\\/schema\\\/logo\\\/image\\\/\"},\"sameAs\":[\"https:\\\/\\\/www.instagram.com\\\/re_coloco\\\/\"]}]}<\/script>\n<!-- \/ Yoast SEO plugin. -->","yoast_head_json":{"title":"Contact - Recoloco \u2013 Professional organizer &amp; space transformation in Luxembourg","robots":{"index":"index","follow":"follow","max-snippet":"max-snippet:-1","max-image-preview":"max-image-preview:large","max-video-preview":"max-video-preview:-1"},"canonical":"https:\/\/recoloco.com\/es\/contact-recoloco\/","og_locale":"es_ES","og_type":"article","og_title":"Contact - Recoloco \u2013 Professional organizer &amp; space transformation in Luxembourg","og_description":"let&#8217;s talk! Ready to take the first step in transforming your home? Reach out to me via WhatsApp, email, or Instagram, and I\u2019ll get back to you as soon as possible. We\u2019ll start with a short call to discuss your project, answer your questions, and, if needed, schedule your first personalized visit. I\u2019m here to [&hellip;]","og_url":"https:\/\/recoloco.com\/es\/contact-recoloco\/","og_site_name":"Recoloco \u2013 Professional organizer &amp; space transformation in Luxembourg","article_modified_time":"2026-03-18T17:15:23+00:00","og_image":[{"width":564,"height":846,"url":"https:\/\/recoloco.com\/wp-content\/uploads\/2025\/04\/3d17f08b921d39a0719d353c6c15b9cb.jpg","type":"image\/jpeg"}],"twitter_card":"summary_large_image","twitter_misc":{"Tiempo de lectura":"1 minuto"},"schema":{"@context":"https:\/\/schema.org","@graph":[{"@type":"WebPage","@id":"https:\/\/recoloco.com\/contact-recoloco\/","url":"https:\/\/recoloco.com\/contact-recoloco\/","name":"Contact - Recoloco \u2013 Professional organizer &amp; space transformation in Luxembourg","isPartOf":{"@id":"https:\/\/recoloco.com\/#website"},"primaryImageOfPage":{"@id":"https:\/\/recoloco.com\/contact-recoloco\/#primaryimage"},"image":{"@id":"https:\/\/recoloco.com\/contact-recoloco\/#primaryimage"},"thumbnailUrl":"https:\/\/recoloco.com\/wp-content\/uploads\/2025\/04\/3d17f08b921d39a0719d353c6c15b9cb.jpg","datePublished":"2025-07-23T11:58:09+00:00","dateModified":"2026-03-18T17:15:23+00:00","breadcrumb":{"@id":"https:\/\/recoloco.com\/contact-recoloco\/#breadcrumb"},"inLanguage":"es","potentialAction":[{"@type":"ReadAction","target":["https:\/\/recoloco.com\/contact-recoloco\/"]}]},{"@type":"ImageObject","inLanguage":"es","@id":"https:\/\/recoloco.com\/contact-recoloco\/#primaryimage","url":"https:\/\/recoloco.com\/wp-content\/uploads\/2025\/04\/3d17f08b921d39a0719d353c6c15b9cb.jpg","contentUrl":"https:\/\/recoloco.com\/wp-content\/uploads\/2025\/04\/3d17f08b921d39a0719d353c6c15b9cb.jpg"},{"@type":"BreadcrumbList","@id":"https:\/\/recoloco.com\/contact-recoloco\/#breadcrumb","itemListElement":[{"@type":"ListItem","position":1,"name":"Home","item":"https:\/\/recoloco.com\/"},{"@type":"ListItem","position":2,"name":"Contact"}]},{"@type":"WebSite","@id":"https:\/\/recoloco.com\/#website","url":"https:\/\/recoloco.com\/","name":"Recoloco \u2013 Home organizer & space transformation in Luxembourg","description":"Another House is Another Life.","publisher":{"@id":"https:\/\/recoloco.com\/#organization"},"potentialAction":[{"@type":"SearchAction","target":{"@type":"EntryPoint","urlTemplate":"https:\/\/recoloco.com\/?s={search_term_string}"},"query-input":{"@type":"PropertyValueSpecification","valueRequired":true,"valueName":"search_term_string"}}],"inLanguage":"es"},{"@type":"Organization","@id":"https:\/\/recoloco.com\/#organization","name":"Recoloco \u2013 Home organizer & space transformation in Luxembourg","url":"https:\/\/recoloco.com\/","logo":{"@type":"ImageObject","inLanguage":"es","@id":"https:\/\/recoloco.com\/#\/schema\/logo\/image\/","url":"https:\/\/recoloco.com\/wp-content\/uploads\/2025\/06\/LogoRGB.svg","contentUrl":"https:\/\/recoloco.com\/wp-content\/uploads\/2025\/06\/LogoRGB.svg","width":500,"height":200,"caption":"Recoloco \u2013 Home organizer & space transformation in Luxembourg"},"image":{"@id":"https:\/\/recoloco.com\/#\/schema\/logo\/image\/"},"sameAs":["https:\/\/www.instagram.com\/re_coloco\/"]}]}},"_links":{"self":[{"href":"https:\/\/recoloco.com\/es\/wp-json\/wp\/v2\/pages\/3486","targetHints":{"allow":["GET"]}}],"collection":[{"href":"https:\/\/recoloco.com\/es\/wp-json\/wp\/v2\/pages"}],"about":[{"href":"https:\/\/recoloco.com\/es\/wp-json\/wp\/v2\/types\/page"}],"author":[{"embeddable":true,"href":"https:\/\/recoloco.com\/es\/wp-json\/wp\/v2\/users\/5"}],"replies":[{"embeddable":true,"href":"https:\/\/recoloco.com\/es\/wp-json\/wp\/v2\/comments?post=3486"}],"version-history":[{"count":12,"href":"https:\/\/recoloco.com\/es\/wp-json\/wp\/v2\/pages\/3486\/revisions"}],"predecessor-version":[{"id":3667,"href":"https:\/\/recoloco.com\/es\/wp-json\/wp\/v2\/pages\/3486\/revisions\/3667"}],"wp:attachment":[{"href":"https:\/\/recoloco.com\/es\/wp-json\/wp\/v2\/media?parent=3486"}],"curies":[{"name":"wp","href":"https:\/\/api.w.org\/{rel}","templated":true}]}}