{"id":3508,"date":"2025-07-23T17:01:18","date_gmt":"2025-07-23T16:01:18","guid":{"rendered":"https:\/\/recoloco.com\/?page_id=3508"},"modified":"2026-03-18T22:31:53","modified_gmt":"2026-03-18T21:31:53","slug":"home-services-luxembourg","status":"publish","type":"page","link":"https:\/\/recoloco.com\/es\/home-services-luxembourg\/","title":{"rendered":"Servicios"},"content":{"rendered":"<div style=\"height:40px\" aria-hidden=\"true\" class=\"wp-block-spacer\"><\/div>\n\n\n\n<div class=\"wp-block-group alignwide is-layout-constrained wp-container-core-group-is-layout-e2edda1e wp-block-group-is-layout-constrained\" style=\"margin-top:0;margin-bottom:0;padding-top:0;padding-bottom:0\">\n<h1 class=\"wp-block-heading has-text-align-center has-ast-global-color-0-color has-text-color has-link-color wp-elements-6ef6a55e2b2f51e390c9426e69e1c09c\" style=\"border-radius:0px;font-style:normal;font-weight:400;line-height:1;text-transform:uppercase\">Orden. Estilo. Arreglos pr\u00e1cticos.<\/h1>\n\n\n\n<h2 class=\"wp-block-heading has-text-align-center has-ast-global-color-1-color has-text-color has-link-color wp-elements-86f6fd78074c0b47f8f5198c496ad946\">Todo pensado para que tu casa se sienta como debe sentirse.<\/h2>\n\n\n\n<p class=\"has-text-align-center\">Ofrezco tres tipos de acompa\u00f1amiento que puedes combinar o contratar por separado, seg\u00fan lo que tu espacio necesite en este momento. <\/p>\n<\/div>\n\n\n\n<div style=\"height:30px\" aria-hidden=\"true\" class=\"wp-block-spacer\"><\/div>\n\n\n\n<div class=\"wp-block-group alignwide has-ast-global-color-4-background-color has-background is-layout-constrained wp-container-core-group-is-layout-236b1b9c wp-block-group-is-layout-constrained\" style=\"padding-top:0;padding-bottom:0;font-style:normal;font-weight:400\">\n<div style=\"height:30px\" aria-hidden=\"true\" class=\"wp-block-spacer\"><\/div>\n\n\n\n<div class=\"wp-block-columns are-vertically-aligned-center is-layout-flex wp-container-core-columns-is-layout-28f84493 wp-block-columns-is-layout-flex\">\n<div class=\"wp-block-column is-vertically-aligned-center is-layout-flow wp-block-column-is-layout-flow\" style=\"flex-basis:50%\">\n<h2 class=\"wp-block-heading\" style=\"margin-right:10px;margin-left:10px\">ORGANIZACI\u00d3N DE ESPACIOS<\/h2>\n\n\n\n<p style=\"margin-right:10px;margin-left:10px\"><strong>Recupera el orden y la tranquilidad.<\/strong>.<\/p>\n\n\n\n<p style=\"margin-right:10px;margin-left:10px\">Vamos a reorganizar tu casa para que sea m\u00e1s pr\u00e1ctica, funcional y f\u00e1cil de mantener. Te ayudar\u00e9 a crear sistemas simples que se adapten a tu rutina y que puedas sostener sin esfuerzo en el d\u00eda a d\u00eda.<\/p>\n\n\n\n<div class=\"wp-block-buttons is-content-justification-center is-layout-flex wp-container-core-buttons-is-layout-a89b3969 wp-block-buttons-is-layout-flex\">\n<div class=\"wp-block-button is-style-outline is-style-outline--1\"><a class=\"wp-block-button__link has-border-color has-ast-global-color-1-border-color wp-element-button\" href=\"https:\/\/recoloco.com\/es\/services-2\/organization\/\" style=\"border-width:2px\">VER ORGANIZACI\u00d3N<\/a><\/div>\n<\/div>\n<\/div>\n\n\n\n<div class=\"wp-block-column is-vertically-aligned-center is-layout-flow wp-block-column-is-layout-flow\" style=\"flex-basis:33.33%\">\n<figure class=\"wp-block-image aligncenter size-full has-custom-border\"><img fetchpriority=\"high\" decoding=\"async\" width=\"667\" height=\"1000\" src=\"https:\/\/recoloco.com\/wp-content\/uploads\/2025\/04\/DSC05132.jpg\" alt=\"\" class=\"wp-image-2547\" style=\"border-radius:6px;aspect-ratio:1;object-fit:cover\" srcset=\"https:\/\/recoloco.com\/wp-content\/uploads\/2025\/04\/DSC05132.jpg 667w, https:\/\/recoloco.com\/wp-content\/uploads\/2025\/04\/DSC05132-200x300.jpg 200w, https:\/\/recoloco.com\/wp-content\/uploads\/2025\/04\/DSC05132-8x12.jpg 8w, https:\/\/recoloco.com\/wp-content\/uploads\/2025\/04\/DSC05132-500x750.jpg 500w\" sizes=\"(max-width: 667px) 100vw, 667px\" \/><\/figure>\n<\/div>\n<\/div>\n\n\n\n<div style=\"height:30px\" aria-hidden=\"true\" class=\"wp-block-spacer\"><\/div>\n<\/div>\n\n\n\n<div style=\"height:30px\" aria-hidden=\"true\" class=\"wp-block-spacer\"><\/div>\n\n\n\n<div class=\"wp-block-group alignwide is-layout-constrained wp-container-core-group-is-layout-236b1b9c wp-block-group-is-layout-constrained\" style=\"padding-top:0;padding-bottom:0;font-style:normal;font-weight:400\">\n<div style=\"height:30px\" aria-hidden=\"true\" class=\"wp-block-spacer\"><\/div>\n\n\n\n<div class=\"wp-block-columns are-vertically-aligned-center is-layout-flex wp-container-core-columns-is-layout-28f84493 wp-block-columns-is-layout-flex\">\n<div class=\"wp-block-column is-vertically-aligned-center is-layout-flow wp-block-column-is-layout-flow\" style=\"flex-basis:33.33%\">\n<figure class=\"wp-block-image aligncenter size-full has-custom-border\"><img decoding=\"async\" width=\"667\" height=\"1000\" src=\"https:\/\/recoloco.com\/wp-content\/uploads\/2025\/04\/DSC05738-1.jpg\" alt=\"\" class=\"wp-image-2553\" style=\"border-radius:6px;aspect-ratio:1;object-fit:cover\" srcset=\"https:\/\/recoloco.com\/wp-content\/uploads\/2025\/04\/DSC05738-1.jpg 667w, https:\/\/recoloco.com\/wp-content\/uploads\/2025\/04\/DSC05738-1-200x300.jpg 200w, https:\/\/recoloco.com\/wp-content\/uploads\/2025\/04\/DSC05738-1-8x12.jpg 8w, https:\/\/recoloco.com\/wp-content\/uploads\/2025\/04\/DSC05738-1-500x750.jpg 500w\" sizes=\"(max-width: 667px) 100vw, 667px\" \/><\/figure>\n<\/div>\n\n\n\n<div class=\"wp-block-column is-vertically-aligned-center is-layout-flow wp-block-column-is-layout-flow\" style=\"flex-basis:50%\">\n<h2 class=\"wp-block-heading\" style=\"margin-right:10px;margin-left:10px\">DECORACI\u00d3N<\/h2>\n\n\n\n<p style=\"margin-right:10px;margin-left:10px\"><strong>Haz que tu casa hable de ti.<\/strong>.<\/p>\n\n\n\n<p style=\"margin-right:10px;margin-left:10px\">Creamos juntas un espacio que te represente, sin seguir modas ni gastar de m\u00e1s. Buscaremos un estilo c\u00e1lido, coherente y personal que se sienta tuyo, y que funcione con tu vida y tu presupuesto. <\/p>\n\n\n\n<div class=\"wp-block-buttons is-content-justification-center is-layout-flex wp-container-core-buttons-is-layout-a89b3969 wp-block-buttons-is-layout-flex\">\n<div class=\"wp-block-button is-style-outline is-style-outline--2\"><a class=\"wp-block-button__link wp-element-button\" href=\"https:\/\/recoloco.com\/es\/services-2\/decoration\/\" style=\"border-style:none;border-width:0px\">VER DECORACI\u00d3N<\/a><\/div>\n<\/div>\n<\/div>\n<\/div>\n\n\n\n<div style=\"height:30px\" aria-hidden=\"true\" class=\"wp-block-spacer\"><\/div>\n<\/div>\n\n\n\n<div style=\"height:30px\" aria-hidden=\"true\" class=\"wp-block-spacer\"><\/div>\n\n\n\n<div class=\"wp-block-group alignwide has-ast-global-color-4-background-color has-background is-layout-constrained wp-container-core-group-is-layout-236b1b9c wp-block-group-is-layout-constrained\" style=\"padding-top:0;padding-bottom:0;font-style:normal;font-weight:400\">\n<div style=\"height:30px\" aria-hidden=\"true\" class=\"wp-block-spacer\"><\/div>\n\n\n\n<div class=\"wp-block-columns are-vertically-aligned-center is-layout-flex wp-container-core-columns-is-layout-28f84493 wp-block-columns-is-layout-flex\">\n<div class=\"wp-block-column is-vertically-aligned-center is-layout-flow wp-block-column-is-layout-flow\" style=\"flex-basis:50%\">\n<h2 class=\"wp-block-heading\" style=\"margin-right:10px;margin-left:10px\">MONTAJE DE MUEBLES Y MANITAS<\/h2>\n\n\n\n<p style=\"margin-right:10px;margin-left:10px\"><strong><strong>Resuelve lo pendiente, sin estr\u00e9s.<\/strong><\/strong><\/p>\n\n\n\n<p style=\"margin-right:10px;margin-left:10px\">\u00bfTienes cuadros por colgar, muebles por armar o cortinas por instalar? Yo me encargo. Este servicio pr\u00e1ctico es ideal para tachar tareas pendientes con mimo y atenci\u00f3n al detalle\u2014solo o combinado con cualquier otro servicio.<\/p>\n\n\n\n<div class=\"wp-block-buttons is-content-justification-center is-layout-flex wp-container-core-buttons-is-layout-a89b3969 wp-block-buttons-is-layout-flex\">\n<div class=\"wp-block-button is-style-outline is-style-outline--3\"><a class=\"wp-block-button__link has-border-color has-ast-global-color-1-border-color wp-element-button\" href=\"https:\/\/recoloco.com\/es\/services-2\/fixes\/\" style=\"border-width:2px\">VER MANITAS<\/a><\/div>\n<\/div>\n<\/div>\n\n\n\n<div class=\"wp-block-column is-vertically-aligned-center is-layout-flow wp-block-column-is-layout-flow\" style=\"flex-basis:33.33%\">\n<figure class=\"wp-block-image aligncenter size-full has-custom-border\"><img decoding=\"async\" width=\"667\" height=\"1000\" src=\"https:\/\/recoloco.com\/wp-content\/uploads\/2025\/05\/DSC06071.jpg\" alt=\"Home services Luxembourg\" class=\"wp-image-2652\" style=\"border-radius:6px;aspect-ratio:1;object-fit:cover\" srcset=\"https:\/\/recoloco.com\/wp-content\/uploads\/2025\/05\/DSC06071.jpg 667w, https:\/\/recoloco.com\/wp-content\/uploads\/2025\/05\/DSC06071-200x300.jpg 200w, https:\/\/recoloco.com\/wp-content\/uploads\/2025\/05\/DSC06071-8x12.jpg 8w, https:\/\/recoloco.com\/wp-content\/uploads\/2025\/05\/DSC06071-500x750.jpg 500w\" sizes=\"(max-width: 667px) 100vw, 667px\" \/><\/figure>\n<\/div>\n<\/div>\n\n\n\n<div style=\"height:30px\" aria-hidden=\"true\" class=\"wp-block-spacer\"><\/div>\n<\/div>\n\n\n\n<div style=\"height:30px\" aria-hidden=\"true\" class=\"wp-block-spacer\"><\/div>\n\n\n\n<div class=\"wp-block-group alignwide has-ast-global-color-5-background-color has-background is-layout-constrained wp-container-core-group-is-layout-236b1b9c wp-block-group-is-layout-constrained\" id=\"contacto\" style=\"padding-top:0;padding-bottom:0;font-style:normal;font-weight:400\">\n<div style=\"height:30px\" aria-hidden=\"true\" class=\"wp-block-spacer\"><\/div>\n\n\n\n<h2 class=\"wp-block-heading has-text-align-center\" style=\"margin-right:0;margin-left:0\">\u00bfNO TEN\u00c9S CLARO POR D\u00d3NDE EMPEZAR?<\/h2>\n\n\n\n<p class=\"has-text-align-center\" style=\"margin-top:20px;margin-right:0px;margin-bottom:20px;margin-left:0px\">Podemos charlar (sin compromiso) y ver qu\u00e9 necesita tu espacio y c\u00f3mo puedo ayudarte.<\/p>\n\n\n\n<div class=\"wp-block-buttons is-content-justification-center is-layout-flex wp-container-core-buttons-is-layout-a89b3969 wp-block-buttons-is-layout-flex\">\n<div class=\"wp-block-button is-style-fill\"><a class=\"wp-block-button__link wp-element-button\" href=\"https:\/\/wa.me\/+352691259993\" style=\"border-style:none;border-width:0px\">AGENDAR LLAMADA<\/a><\/div>\n<\/div>\n\n\n\n<div style=\"height:30px\" aria-hidden=\"true\" class=\"wp-block-spacer\"><\/div>\n<\/div>\n\n\n\n<p><\/p>\n\n\n\n<p class=\"has-text-align-right has-ast-global-color-0-color has-text-color has-link-color wp-elements-f47869c260b18b9bdc725ebff1286a48\" style=\"font-size:12px;font-style:normal;font-weight:400\">#OtraCasaEsOtraVida<\/p>\n\n\n\n<div style=\"height:30px\" aria-hidden=\"true\" class=\"wp-block-spacer\"><\/div>\n\n\n\n<p><\/p>","protected":false},"excerpt":{"rendered":"<p>Order. Style. Practical fixes. All tailored to make your home feel just right. I offer three types of support that you can combine or choose separately, depending on what your space needs right now. SPACE ORGANIZATION Bring back order and ease. We\u2019ll declutter and reorganize your home to make it more practical, functional, and calm. [&hellip;]<\/p>\n","protected":false},"author":5,"featured_media":0,"parent":0,"menu_order":0,"comment_status":"closed","ping_status":"closed","template":"","meta":{"site-sidebar-layout":"default","site-content-layout":"","ast-site-content-layout":"normal-width-container","site-content-style":"default","site-sidebar-style":"default","ast-global-header-display":"","ast-banner-title-visibility":"","ast-main-header-display":"","ast-hfb-above-header-display":"","ast-hfb-below-header-display":"","ast-hfb-mobile-header-display":"","site-post-title":"disabled","ast-breadcrumbs-content":"","ast-featured-img":"","footer-sml-layout":"","ast-disable-related-posts":"","theme-transparent-header-meta":"","adv-header-id-meta":"","stick-header-meta":"","header-above-stick-meta":"","header-main-stick-meta":"","header-below-stick-meta":"","astra-migrate-meta-layouts":"set","ast-page-background-enabled":"default","ast-page-background-meta":{"desktop":{"background-color":"var(--ast-global-color-4)","background-image":"","background-repeat":"repeat","background-position":"center center","background-size":"auto","background-attachment":"scroll","background-type":"","background-media":"","overlay-type":"","overlay-color":"","overlay-opacity":"","overlay-gradient":""},"tablet":{"background-color":"","background-image":"","background-repeat":"repeat","background-position":"center center","background-size":"auto","background-attachment":"scroll","background-type":"","background-media":"","overlay-type":"","overlay-color":"","overlay-opacity":"","overlay-gradient":""},"mobile":{"background-color":"","background-image":"","background-repeat":"repeat","background-position":"center center","background-size":"auto","background-attachment":"scroll","background-type":"","background-media":"","overlay-type":"","overlay-color":"","overlay-opacity":"","overlay-gradient":""}},"ast-content-background-meta":{"desktop":{"background-color":"var(--ast-global-color-5)","background-image":"","background-repeat":"repeat","background-position":"center center","background-size":"auto","background-attachment":"scroll","background-type":"","background-media":"","overlay-type":"","overlay-color":"","overlay-opacity":"","overlay-gradient":""},"tablet":{"background-color":"var(--ast-global-color-5)","background-image":"","background-repeat":"repeat","background-position":"center center","background-size":"auto","background-attachment":"scroll","background-type":"","background-media":"","overlay-type":"","overlay-color":"","overlay-opacity":"","overlay-gradient":""},"mobile":{"background-color":"var(--ast-global-color-5)","background-image":"","background-repeat":"repeat","background-position":"center center","background-size":"auto","background-attachment":"scroll","background-type":"","background-media":"","overlay-type":"","overlay-color":"","overlay-opacity":"","overlay-gradient":""}},"_vp_format_video_url":"","_vp_image_focal_point":[],"footnotes":""},"class_list":["post-3508","page","type-page","status-publish","hentry"],"yoast_head":"<!-- This site is optimized with the Yoast SEO plugin v27.5 - https:\/\/yoast.com\/product\/yoast-seo-wordpress\/ -->\n<title>Home Services in Luxembourg - Recoloco \u2013 Professional organizer &amp; space transformation in Luxembourg<\/title>\n<meta name=\"description\" content=\"Home services in Luxembourg: home organization, interior decoration and handyman services tailored to your needs.\" \/>\n<meta name=\"robots\" content=\"index, follow, max-snippet:-1, max-image-preview:large, max-video-preview:-1\" \/>\n<link rel=\"canonical\" href=\"https:\/\/recoloco.com\/es\/home-services-luxembourg\/\" \/>\n<meta property=\"og:locale\" content=\"es_ES\" \/>\n<meta property=\"og:type\" content=\"article\" \/>\n<meta property=\"og:title\" content=\"Home Services in Luxembourg - Recoloco \u2013 Professional organizer &amp; space transformation in Luxembourg\" \/>\n<meta property=\"og:description\" content=\"Home services in Luxembourg: home organization, interior decoration and handyman services tailored to your needs.\" \/>\n<meta property=\"og:url\" content=\"https:\/\/recoloco.com\/es\/home-services-luxembourg\/\" \/>\n<meta property=\"og:site_name\" content=\"Recoloco \u2013 Professional organizer &amp; space transformation in Luxembourg\" \/>\n<meta property=\"article:modified_time\" content=\"2026-03-18T21:31:53+00:00\" \/>\n<meta property=\"og:image\" content=\"https:\/\/recoloco.com\/wp-content\/uploads\/2025\/04\/DSC05132.jpg\" \/>\n\t<meta property=\"og:image:width\" content=\"667\" \/>\n\t<meta property=\"og:image:height\" content=\"1000\" \/>\n\t<meta property=\"og:image:type\" content=\"image\/jpeg\" \/>\n<meta name=\"twitter:card\" content=\"summary_large_image\" \/>\n<meta name=\"twitter:label1\" content=\"Tiempo de lectura\" \/>\n\t<meta name=\"twitter:data1\" content=\"2 minutos\" \/>\n<script type=\"application\/ld+json\" class=\"yoast-schema-graph\">{\"@context\":\"https:\\\/\\\/schema.org\",\"@graph\":[{\"@type\":\"WebPage\",\"@id\":\"https:\\\/\\\/recoloco.com\\\/home-services-luxembourg\\\/\",\"url\":\"https:\\\/\\\/recoloco.com\\\/home-services-luxembourg\\\/\",\"name\":\"Home Services in Luxembourg - Recoloco \u2013 Professional organizer &amp; space transformation in Luxembourg\",\"isPartOf\":{\"@id\":\"https:\\\/\\\/recoloco.com\\\/#website\"},\"primaryImageOfPage\":{\"@id\":\"https:\\\/\\\/recoloco.com\\\/home-services-luxembourg\\\/#primaryimage\"},\"image\":{\"@id\":\"https:\\\/\\\/recoloco.com\\\/home-services-luxembourg\\\/#primaryimage\"},\"thumbnailUrl\":\"https:\\\/\\\/recoloco.com\\\/wp-content\\\/uploads\\\/2025\\\/04\\\/DSC05132.jpg\",\"datePublished\":\"2025-07-23T16:01:18+00:00\",\"dateModified\":\"2026-03-18T21:31:53+00:00\",\"description\":\"Home services in Luxembourg: home organization, interior decoration and handyman services tailored to your needs.\",\"breadcrumb\":{\"@id\":\"https:\\\/\\\/recoloco.com\\\/home-services-luxembourg\\\/#breadcrumb\"},\"inLanguage\":\"es\",\"potentialAction\":[{\"@type\":\"ReadAction\",\"target\":[\"https:\\\/\\\/recoloco.com\\\/home-services-luxembourg\\\/\"]}]},{\"@type\":\"ImageObject\",\"inLanguage\":\"es\",\"@id\":\"https:\\\/\\\/recoloco.com\\\/home-services-luxembourg\\\/#primaryimage\",\"url\":\"https:\\\/\\\/recoloco.com\\\/wp-content\\\/uploads\\\/2025\\\/04\\\/DSC05132.jpg\",\"contentUrl\":\"https:\\\/\\\/recoloco.com\\\/wp-content\\\/uploads\\\/2025\\\/04\\\/DSC05132.jpg\"},{\"@type\":\"BreadcrumbList\",\"@id\":\"https:\\\/\\\/recoloco.com\\\/home-services-luxembourg\\\/#breadcrumb\",\"itemListElement\":[{\"@type\":\"ListItem\",\"position\":1,\"name\":\"Home\",\"item\":\"https:\\\/\\\/recoloco.com\\\/\"},{\"@type\":\"ListItem\",\"position\":2,\"name\":\"Services\"}]},{\"@type\":\"WebSite\",\"@id\":\"https:\\\/\\\/recoloco.com\\\/#website\",\"url\":\"https:\\\/\\\/recoloco.com\\\/\",\"name\":\"Recoloco \u2013 Home organizer & space transformation in Luxembourg\",\"description\":\"Another House is Another Life.\",\"publisher\":{\"@id\":\"https:\\\/\\\/recoloco.com\\\/#organization\"},\"potentialAction\":[{\"@type\":\"SearchAction\",\"target\":{\"@type\":\"EntryPoint\",\"urlTemplate\":\"https:\\\/\\\/recoloco.com\\\/?s={search_term_string}\"},\"query-input\":{\"@type\":\"PropertyValueSpecification\",\"valueRequired\":true,\"valueName\":\"search_term_string\"}}],\"inLanguage\":\"es\"},{\"@type\":\"Organization\",\"@id\":\"https:\\\/\\\/recoloco.com\\\/#organization\",\"name\":\"Recoloco \u2013 Home organizer & space transformation in Luxembourg\",\"url\":\"https:\\\/\\\/recoloco.com\\\/\",\"logo\":{\"@type\":\"ImageObject\",\"inLanguage\":\"es\",\"@id\":\"https:\\\/\\\/recoloco.com\\\/#\\\/schema\\\/logo\\\/image\\\/\",\"url\":\"https:\\\/\\\/recoloco.com\\\/wp-content\\\/uploads\\\/2025\\\/06\\\/LogoRGB.svg\",\"contentUrl\":\"https:\\\/\\\/recoloco.com\\\/wp-content\\\/uploads\\\/2025\\\/06\\\/LogoRGB.svg\",\"width\":500,\"height\":200,\"caption\":\"Recoloco \u2013 Home organizer & space transformation in Luxembourg\"},\"image\":{\"@id\":\"https:\\\/\\\/recoloco.com\\\/#\\\/schema\\\/logo\\\/image\\\/\"},\"sameAs\":[\"https:\\\/\\\/www.instagram.com\\\/re_coloco\\\/\"]}]}<\/script>\n<!-- \/ Yoast SEO plugin. -->","yoast_head_json":{"title":"Home Services in Luxembourg - Recoloco \u2013 Professional organizer &amp; space transformation in Luxembourg","description":"Home services in Luxembourg: home organization, interior decoration and handyman services tailored to your needs.","robots":{"index":"index","follow":"follow","max-snippet":"max-snippet:-1","max-image-preview":"max-image-preview:large","max-video-preview":"max-video-preview:-1"},"canonical":"https:\/\/recoloco.com\/es\/home-services-luxembourg\/","og_locale":"es_ES","og_type":"article","og_title":"Home Services in Luxembourg - Recoloco \u2013 Professional organizer &amp; space transformation in Luxembourg","og_description":"Home services in Luxembourg: home organization, interior decoration and handyman services tailored to your needs.","og_url":"https:\/\/recoloco.com\/es\/home-services-luxembourg\/","og_site_name":"Recoloco \u2013 Professional organizer &amp; space transformation in Luxembourg","article_modified_time":"2026-03-18T21:31:53+00:00","og_image":[{"width":667,"height":1000,"url":"https:\/\/recoloco.com\/wp-content\/uploads\/2025\/04\/DSC05132.jpg","type":"image\/jpeg"}],"twitter_card":"summary_large_image","twitter_misc":{"Tiempo de lectura":"2 minutos"},"schema":{"@context":"https:\/\/schema.org","@graph":[{"@type":"WebPage","@id":"https:\/\/recoloco.com\/home-services-luxembourg\/","url":"https:\/\/recoloco.com\/home-services-luxembourg\/","name":"Home Services in Luxembourg - Recoloco \u2013 Professional organizer &amp; space transformation in Luxembourg","isPartOf":{"@id":"https:\/\/recoloco.com\/#website"},"primaryImageOfPage":{"@id":"https:\/\/recoloco.com\/home-services-luxembourg\/#primaryimage"},"image":{"@id":"https:\/\/recoloco.com\/home-services-luxembourg\/#primaryimage"},"thumbnailUrl":"https:\/\/recoloco.com\/wp-content\/uploads\/2025\/04\/DSC05132.jpg","datePublished":"2025-07-23T16:01:18+00:00","dateModified":"2026-03-18T21:31:53+00:00","description":"Home services in Luxembourg: home organization, interior decoration and handyman services tailored to your needs.","breadcrumb":{"@id":"https:\/\/recoloco.com\/home-services-luxembourg\/#breadcrumb"},"inLanguage":"es","potentialAction":[{"@type":"ReadAction","target":["https:\/\/recoloco.com\/home-services-luxembourg\/"]}]},{"@type":"ImageObject","inLanguage":"es","@id":"https:\/\/recoloco.com\/home-services-luxembourg\/#primaryimage","url":"https:\/\/recoloco.com\/wp-content\/uploads\/2025\/04\/DSC05132.jpg","contentUrl":"https:\/\/recoloco.com\/wp-content\/uploads\/2025\/04\/DSC05132.jpg"},{"@type":"BreadcrumbList","@id":"https:\/\/recoloco.com\/home-services-luxembourg\/#breadcrumb","itemListElement":[{"@type":"ListItem","position":1,"name":"Home","item":"https:\/\/recoloco.com\/"},{"@type":"ListItem","position":2,"name":"Services"}]},{"@type":"WebSite","@id":"https:\/\/recoloco.com\/#website","url":"https:\/\/recoloco.com\/","name":"Recoloco \u2013 Home organizer & space transformation in Luxembourg","description":"Another House is Another Life.","publisher":{"@id":"https:\/\/recoloco.com\/#organization"},"potentialAction":[{"@type":"SearchAction","target":{"@type":"EntryPoint","urlTemplate":"https:\/\/recoloco.com\/?s={search_term_string}"},"query-input":{"@type":"PropertyValueSpecification","valueRequired":true,"valueName":"search_term_string"}}],"inLanguage":"es"},{"@type":"Organization","@id":"https:\/\/recoloco.com\/#organization","name":"Recoloco \u2013 Home organizer & space transformation in Luxembourg","url":"https:\/\/recoloco.com\/","logo":{"@type":"ImageObject","inLanguage":"es","@id":"https:\/\/recoloco.com\/#\/schema\/logo\/image\/","url":"https:\/\/recoloco.com\/wp-content\/uploads\/2025\/06\/LogoRGB.svg","contentUrl":"https:\/\/recoloco.com\/wp-content\/uploads\/2025\/06\/LogoRGB.svg","width":500,"height":200,"caption":"Recoloco \u2013 Home organizer & space transformation in Luxembourg"},"image":{"@id":"https:\/\/recoloco.com\/#\/schema\/logo\/image\/"},"sameAs":["https:\/\/www.instagram.com\/re_coloco\/"]}]}},"_links":{"self":[{"href":"https:\/\/recoloco.com\/es\/wp-json\/wp\/v2\/pages\/3508","targetHints":{"allow":["GET"]}}],"collection":[{"href":"https:\/\/recoloco.com\/es\/wp-json\/wp\/v2\/pages"}],"about":[{"href":"https:\/\/recoloco.com\/es\/wp-json\/wp\/v2\/types\/page"}],"author":[{"embeddable":true,"href":"https:\/\/recoloco.com\/es\/wp-json\/wp\/v2\/users\/5"}],"replies":[{"embeddable":true,"href":"https:\/\/recoloco.com\/es\/wp-json\/wp\/v2\/comments?post=3508"}],"version-history":[{"count":13,"href":"https:\/\/recoloco.com\/es\/wp-json\/wp\/v2\/pages\/3508\/revisions"}],"predecessor-version":[{"id":3769,"href":"https:\/\/recoloco.com\/es\/wp-json\/wp\/v2\/pages\/3508\/revisions\/3769"}],"wp:attachment":[{"href":"https:\/\/recoloco.com\/es\/wp-json\/wp\/v2\/media?parent=3508"}],"curies":[{"name":"wp","href":"https:\/\/api.w.org\/{rel}","templated":true}]}}