{"id":3529,"date":"2025-07-23T19:00:33","date_gmt":"2025-07-23T18:00:33","guid":{"rendered":"https:\/\/recoloco.com\/?page_id=3529"},"modified":"2026-03-18T22:14:19","modified_gmt":"2026-03-18T21:14:19","slug":"handyman-services-luxembourg","status":"publish","type":"page","link":"https:\/\/recoloco.com\/es\/home-services-luxembourg\/handyman-services-luxembourg\/","title":{"rendered":"Manitas"},"content":{"rendered":"<div style=\"height:40px\" aria-hidden=\"true\" class=\"wp-block-spacer\"><\/div>\n\n\n\n<div class=\"wp-block-group alignwide is-layout-constrained wp-container-core-group-is-layout-236b1b9c wp-block-group-is-layout-constrained\" style=\"padding-top:0;padding-bottom:0\">\n<div class=\"wp-block-columns are-vertically-aligned-center is-layout-flex wp-container-core-columns-is-layout-576acf82 wp-block-columns-is-layout-flex\" style=\"padding-right:0px;padding-left:0px\">\n<div class=\"wp-block-column is-vertically-aligned-center is-layout-constrained wp-block-column-is-layout-constrained\">\n<figure class=\"wp-block-image aligncenter size-full has-custom-border is-style-default\"><img fetchpriority=\"high\" decoding=\"async\" width=\"667\" height=\"523\" src=\"https:\/\/recoloco.com\/wp-content\/uploads\/2025\/05\/DSC06175-e1748009420867.jpg\" alt=\"handyman services in Luxembourg\" class=\"wp-image-2648\" style=\"border-style:none;border-width:0px;border-radius:10px;aspect-ratio:1;object-fit:cover\" srcset=\"https:\/\/recoloco.com\/wp-content\/uploads\/2025\/05\/DSC06175-e1748009420867.jpg 667w, https:\/\/recoloco.com\/wp-content\/uploads\/2025\/05\/DSC06175-e1748009420867-300x235.jpg 300w, https:\/\/recoloco.com\/wp-content\/uploads\/2025\/05\/DSC06175-e1748009420867-15x12.jpg 15w, https:\/\/recoloco.com\/wp-content\/uploads\/2025\/05\/DSC06175-e1748009420867-500x392.jpg 500w\" sizes=\"(max-width: 667px) 100vw, 667px\" \/><\/figure>\n<\/div>\n\n\n\n<div class=\"wp-block-column is-vertically-aligned-center is-layout-flow wp-block-column-is-layout-flow\" style=\"padding-right:0px\">\n<div style=\"height:30px\" aria-hidden=\"true\" class=\"wp-block-spacer\"><\/div>\n\n\n\n<h1 class=\"wp-block-heading has-text-align-center has-ast-global-color-0-color has-text-color has-link-color wp-elements-3216aa0c909ab6f31c74f2d641768d8d\" style=\"border-radius:0px;font-style:normal;font-weight:400;line-height:1;text-transform:uppercase\">Arregla lo pendiente. Disfruta lo importante.<\/h1>\n\n\n\n<p>Esa silla que cojea, una l\u00e1mpara a\u00fan sin colgar, el agujero en la pared, un mueble esperando ser montado\u2026 <strong>A veces no hay tiempo<\/strong> or energy to deal with it all. Meanwhile,<em> weekends are meant for resting.<\/em> However, those little details can keep us from truly feeling at ease at home.<br>That\u2019s where <strong>Recoloco<\/strong> Handy Service comes in. With this service,<strong> me ocupo de esas tareas pendientes<\/strong> efficiently and with attention to detail. In addition, it can work as a standalone service or perfectly complement any of Recoloco\u2019s other offerings.<\/p>\n\n\n\n<div style=\"height:30px\" aria-hidden=\"true\" class=\"wp-block-spacer\"><\/div>\n\n\n\n<div class=\"wp-block-buttons alignwide is-content-justification-center is-layout-flex wp-container-core-buttons-is-layout-a89b3969 wp-block-buttons-is-layout-flex\">\n<div class=\"wp-block-button is-style-fill\"><a class=\"wp-block-button__link wp-element-button\" href=\"https:\/\/wa.me\/+352691259993\">RESERVA LLAMADA DE CONSULTA<\/a><\/div>\n<\/div>\n\n\n\n<div style=\"height:40px\" aria-hidden=\"true\" class=\"wp-block-spacer\"><\/div>\n\n\n\n<div class=\"wp-block-group is-content-justification-center is-nowrap is-layout-flex wp-container-core-group-is-layout-23441af8 wp-block-group-is-layout-flex\">\n<p class=\"has-text-align-center\"><a href=\"#what-included\" data-type=\"internal\" data-id=\"#how-it-works\">WHAT&#8217;S INCLUDED<\/a><\/p>\n\n\n\n<p class=\"has-text-align-center\"><a href=\"#pricing-conditions\" data-type=\"link\" data-id=\"https:\/\/recoloco.com\/organization#pricing-conditions\">PRECIOS<\/a><\/p>\n<\/div>\n\n\n\n<p class=\"has-text-align-right has-ast-global-color-0-color has-text-color has-link-color wp-elements-f47869c260b18b9bdc725ebff1286a48\" style=\"font-size:12px;font-style:normal;font-weight:400\">#OtraCasaEsOtraVida<\/p>\n<\/div>\n<\/div>\n<\/div>\n\n\n\n<div style=\"height:30px\" aria-hidden=\"true\" class=\"wp-block-spacer\"><\/div>\n\n\n\n<div class=\"wp-block-group alignwide has-ast-global-color-4-background-color has-background is-layout-constrained wp-container-core-group-is-layout-dadd0ff5 wp-block-group-is-layout-constrained\" id=\"what-included\" style=\"font-style:normal;font-weight:400\">\n<div style=\"height:30px\" aria-hidden=\"true\" class=\"wp-block-spacer\"><\/div>\n\n\n\n<h2 class=\"wp-block-heading has-text-align-center has-ast-global-color-1-color has-text-color has-link-color wp-elements-33928dc7e8e4d7b90750dbb38c3b91c0\" style=\"border-style:none;border-width:0px;border-radius:0px;line-height:1.6\"><em>A veces, para estar bien en casa, solo hace falta quitarse un par de cosas de encima.<\/em><\/h2>\n\n\n\n<div style=\"height:30px\" aria-hidden=\"true\" class=\"wp-block-spacer\"><\/div>\n<\/div>\n\n\n\n<div style=\"height:30px\" aria-hidden=\"true\" class=\"wp-block-spacer\"><\/div>\n\n\n\n<div class=\"wp-block-group alignwide is-layout-constrained wp-container-core-group-is-layout-236b1b9c wp-block-group-is-layout-constrained\" style=\"padding-top:0;padding-bottom:0;font-style:normal;font-weight:400\">\n<div style=\"height:30px;width:0px\" aria-hidden=\"true\" class=\"wp-block-spacer\"><\/div>\n\n\n\n<div class=\"wp-block-columns are-vertically-aligned-center is-layout-flex wp-container-core-columns-is-layout-28f84493 wp-block-columns-is-layout-flex\">\n<div class=\"wp-block-column is-vertically-aligned-center is-layout-flow wp-block-column-is-layout-flow\" style=\"flex-basis:50%\">\n<h2 class=\"wp-block-heading\" style=\"margin-right:10px;margin-left:10px\">QUE INCLUYE?<\/h2>\n\n\n\n<ul class=\"wp-block-list\">\n<li>Montaje y desmontaje de muebles: camas, sof\u00e1s, mesas, armarios, etc.<\/li>\n\n\n\n<li>Restauraci\u00f3n ligera: reparaci\u00f3n, pintura y cambios de acabado en muebles<\/li>\n\n\n\n<li>Reparaciones simples o mantenimiento b\u00e1sico del hogar<\/li>\n\n\n\n<li>Tapicer\u00eda b\u00e1sica: sillas y elementos peque\u00f1os<\/li>\n\n\n\n<li>Instalaci\u00f3n de cuadros, estanter\u00edas, l\u00e1mparas, televisores y m\u00e1s<\/li>\n\n\n\n<li>Protecci\u00f3n para casas con beb\u00e9s: enchufes, esquinas, barandillas...<\/li>\n\n\n\n<li>Soluciones creativas y personalizadas que surjan durante el proceso<\/li>\n\n\n\n<li>Contacto con profesionales para trabajos t\u00e9cnicos si se requiere<\/li>\n<\/ul>\n<\/div>\n\n\n\n<div class=\"wp-block-column is-vertically-aligned-center is-layout-flow wp-block-column-is-layout-flow\" style=\"flex-basis:33.33%\">\n<figure class=\"wp-block-image aligncenter size-full has-custom-border\"><img decoding=\"async\" width=\"667\" height=\"1000\" src=\"https:\/\/recoloco.com\/wp-content\/uploads\/2025\/05\/DSC06157.jpg\" alt=\"\" class=\"wp-image-2848\" style=\"border-radius:6px;aspect-ratio:1;object-fit:cover\" srcset=\"https:\/\/recoloco.com\/wp-content\/uploads\/2025\/05\/DSC06157.jpg 667w, https:\/\/recoloco.com\/wp-content\/uploads\/2025\/05\/DSC06157-200x300.jpg 200w, https:\/\/recoloco.com\/wp-content\/uploads\/2025\/05\/DSC06157-8x12.jpg 8w, https:\/\/recoloco.com\/wp-content\/uploads\/2025\/05\/DSC06157-500x750.jpg 500w\" sizes=\"(max-width: 667px) 100vw, 667px\" \/><\/figure>\n<\/div>\n<\/div>\n\n\n\n<h3 class=\"wp-block-heading has-text-align-center has-ast-global-color-1-color has-text-color has-link-color wp-elements-1621d060bd6cf7eaf1abf3b87861e24e\">Agenda una llamada y aclara todas tus dudas.<\/h3>\n\n\n\n<div class=\"wp-block-buttons is-content-justification-center is-layout-flex wp-container-core-buttons-is-layout-a89b3969 wp-block-buttons-is-layout-flex\">\n<div class=\"wp-block-button is-style-outline is-style-outline--1\"><a class=\"wp-block-button__link wp-element-button\" href=\"https:\/\/wa.me\/+352691259993\" style=\"border-style:none;border-width:0px\">HABLEMOS<\/a><\/div>\n<\/div>\n\n\n\n<div style=\"height:30px;width:0px\" aria-hidden=\"true\" class=\"wp-block-spacer\"><\/div>\n<\/div>\n\n\n\n<div style=\"height:30px\" aria-hidden=\"true\" class=\"wp-block-spacer\"><\/div>\n\n\n\n<div class=\"wp-block-group alignwide has-ast-global-color-4-background-color has-background is-layout-constrained wp-container-core-group-is-layout-236b1b9c wp-block-group-is-layout-constrained\" id=\"pricing-conditions\" style=\"padding-top:0;padding-bottom:0;font-style:normal;font-weight:400\">\n<div style=\"height:30px\" aria-hidden=\"true\" class=\"wp-block-spacer\"><\/div>\n\n\n\n<h2 class=\"wp-block-heading has-text-align-center\" style=\"margin-right:10px;margin-left:10px\">Para quienes tienen una lista de pendientes que no deja de crecer<\/h2>\n\n\n\n<div class=\"wp-block-buttons is-content-justification-center is-layout-flex wp-container-core-buttons-is-layout-a89b3969 wp-block-buttons-is-layout-flex\">\n<div class=\"wp-block-button is-style-fill\"><a class=\"wp-block-button__link wp-element-button\" href=\"https:\/\/wa.me\/+352691259993\" style=\"border-style:none;border-width:0px\">AGENDAR PRIMERA CONSULTA<\/a><\/div>\n<\/div>\n\n\n\n<div style=\"height:30px\" aria-hidden=\"true\" class=\"wp-block-spacer\"><\/div>\n<\/div>\n\n\n\n<div style=\"height:30px\" aria-hidden=\"true\" class=\"wp-block-spacer\"><\/div>\n\n\n\n<div class=\"wp-block-group alignwide is-layout-constrained wp-container-core-group-is-layout-236b1b9c wp-block-group-is-layout-constrained\" style=\"padding-top:0;padding-bottom:0;font-style:normal;font-weight:400\">\n<div style=\"height:30px;width:0px\" aria-hidden=\"true\" class=\"wp-block-spacer\"><\/div>\n\n\n\n<h2 class=\"wp-block-heading\" style=\"margin-right:10px;margin-left:10px\">PRECIOS Y CONDICIONES<\/h2>\n\n\n\n<p><strong>Precio<\/strong>: \u20ac60\/hour (VAT included)<\/p>\n\n\n\n<p><strong>Servicio m\u00ednimo: <\/strong>2 horas<\/p>\n\n\n\n<p><strong>Materiales:<\/strong> se facturan aparte, con ticket o factura<\/p>\n\n\n\n<p><strong>Desplazamiento<\/strong><\/p>\n\n\n\n<ul class=\"wp-block-list\">\n<li>Dentro <strong>de la ciudad de Luxemburgo<\/strong>: sin coste adicional<\/li>\n\n\n\n<li><strong>Fuera de la ciudad:<\/strong> 1\u202f\u20ac\/km (ida y vuelta)<\/li>\n<\/ul>\n\n\n\n<div style=\"height:30px;width:0px\" aria-hidden=\"true\" class=\"wp-block-spacer\"><\/div>\n<\/div>\n\n\n\n<div style=\"height:30px\" aria-hidden=\"true\" class=\"wp-block-spacer\"><\/div>\n\n\n\n<div class=\"wp-block-group alignwide has-ast-global-color-4-background-color has-background is-layout-constrained wp-container-core-group-is-layout-236b1b9c wp-block-group-is-layout-constrained\" id=\"contacto\" style=\"padding-top:0;padding-bottom:0;font-style:normal;font-weight:400\">\n<div style=\"height:30px\" aria-hidden=\"true\" class=\"wp-block-spacer\"><\/div>\n\n\n\n<h2 class=\"wp-block-heading has-text-align-center\" style=\"margin-right:0;margin-left:0\">\u00bfDUDAS SI ES LO QUE NECESITAS?<\/h2>\n\n\n\n<p class=\"has-text-align-center\" style=\"margin-top:20px;margin-right:0px;margin-bottom:20px;margin-left:0px\">Es totalmente normal. Podemos hablarlo, sin compromiso, y ver juntas si este servicio encaja contigo<\/p>\n\n\n\n<div class=\"wp-block-buttons is-content-justification-center is-layout-flex wp-container-core-buttons-is-layout-a89b3969 wp-block-buttons-is-layout-flex\">\n<div class=\"wp-block-button is-style-fill\"><a class=\"wp-block-button__link wp-element-button\" href=\"https:\/\/wa.me\/+352691259993\" style=\"border-style:none;border-width:0px\">AGENDA UNA LLAMADA<\/a><\/div>\n\n\n\n<div class=\"wp-block-button is-style-fill\"><a class=\"wp-block-button__link wp-element-button\" href=\"https:\/\/recoloco.com\/es\/services-2\/\" style=\"border-style:none;border-width:0px\">EXPLORA OTROS SERVICIOS<\/a><\/div>\n<\/div>\n\n\n\n<div style=\"height:30px\" aria-hidden=\"true\" class=\"wp-block-spacer\"><\/div>\n<\/div>\n\n\n\n<div style=\"height:30px\" aria-hidden=\"true\" class=\"wp-block-spacer\"><\/div>\n\n\n\n<p><\/p>","protected":false},"excerpt":{"rendered":"<p>Fix the little things. Enjoy what really matters. That wobbly chair, a lamp still waiting to be hung, the hole in the wall, a piece of furniture in its box\u2026 Sometimes there\u2019s just no time or energy to deal with it all. Meanwhile, weekends are meant for resting. However, those little details can keep us [&hellip;]<\/p>\n","protected":false},"author":5,"featured_media":0,"parent":3508,"menu_order":0,"comment_status":"closed","ping_status":"closed","template":"","meta":{"site-sidebar-layout":"default","site-content-layout":"","ast-site-content-layout":"normal-width-container","site-content-style":"default","site-sidebar-style":"default","ast-global-header-display":"","ast-banner-title-visibility":"","ast-main-header-display":"","ast-hfb-above-header-display":"","ast-hfb-below-header-display":"","ast-hfb-mobile-header-display":"","site-post-title":"disabled","ast-breadcrumbs-content":"","ast-featured-img":"","footer-sml-layout":"","ast-disable-related-posts":"","theme-transparent-header-meta":"","adv-header-id-meta":"","stick-header-meta":"","header-above-stick-meta":"","header-main-stick-meta":"","header-below-stick-meta":"","astra-migrate-meta-layouts":"set","ast-page-background-enabled":"default","ast-page-background-meta":{"desktop":{"background-color":"var(--ast-global-color-4)","background-image":"","background-repeat":"repeat","background-position":"center center","background-size":"auto","background-attachment":"scroll","background-type":"","background-media":"","overlay-type":"","overlay-color":"","overlay-opacity":"","overlay-gradient":""},"tablet":{"background-color":"","background-image":"","background-repeat":"repeat","background-position":"center center","background-size":"auto","background-attachment":"scroll","background-type":"","background-media":"","overlay-type":"","overlay-color":"","overlay-opacity":"","overlay-gradient":""},"mobile":{"background-color":"","background-image":"","background-repeat":"repeat","background-position":"center center","background-size":"auto","background-attachment":"scroll","background-type":"","background-media":"","overlay-type":"","overlay-color":"","overlay-opacity":"","overlay-gradient":""}},"ast-content-background-meta":{"desktop":{"background-color":"var(--ast-global-color-5)","background-image":"","background-repeat":"repeat","background-position":"center center","background-size":"auto","background-attachment":"scroll","background-type":"","background-media":"","overlay-type":"","overlay-color":"","overlay-opacity":"","overlay-gradient":""},"tablet":{"background-color":"var(--ast-global-color-5)","background-image":"","background-repeat":"repeat","background-position":"center center","background-size":"auto","background-attachment":"scroll","background-type":"","background-media":"","overlay-type":"","overlay-color":"","overlay-opacity":"","overlay-gradient":""},"mobile":{"background-color":"var(--ast-global-color-5)","background-image":"","background-repeat":"repeat","background-position":"center center","background-size":"auto","background-attachment":"scroll","background-type":"","background-media":"","overlay-type":"","overlay-color":"","overlay-opacity":"","overlay-gradient":""}},"_vp_format_video_url":"","_vp_image_focal_point":[],"footnotes":""},"class_list":["post-3529","page","type-page","status-publish","hentry"],"yoast_head":"<!-- This site is optimized with the Yoast SEO plugin v27.5 - https:\/\/yoast.com\/product\/yoast-seo-wordpress\/ -->\n<title>Handyman Services in Luxembourg - Recoloco \u2013 Professional organizer &amp; space transformation in Luxembourg<\/title>\n<meta name=\"description\" content=\"Handyman services in Luxembourg for furniture assembly, home maintenance and small repairs. Professional and reliable home help.\" \/>\n<meta name=\"robots\" content=\"index, follow, max-snippet:-1, max-image-preview:large, max-video-preview:-1\" \/>\n<link rel=\"canonical\" href=\"https:\/\/recoloco.com\/es\/home-services-luxembourg\/handyman-services-luxembourg\/\" \/>\n<meta property=\"og:locale\" content=\"es_ES\" \/>\n<meta property=\"og:type\" content=\"article\" \/>\n<meta property=\"og:title\" content=\"Handyman Services in Luxembourg - Recoloco \u2013 Professional organizer &amp; space transformation in Luxembourg\" \/>\n<meta property=\"og:description\" content=\"Handyman services in Luxembourg for furniture assembly, home maintenance and small repairs. Professional and reliable home help.\" \/>\n<meta property=\"og:url\" content=\"https:\/\/recoloco.com\/es\/home-services-luxembourg\/handyman-services-luxembourg\/\" \/>\n<meta property=\"og:site_name\" content=\"Recoloco \u2013 Professional organizer &amp; space transformation in Luxembourg\" \/>\n<meta property=\"article:modified_time\" content=\"2026-03-18T21:14:19+00:00\" \/>\n<meta property=\"og:image\" content=\"https:\/\/recoloco.com\/wp-content\/uploads\/2025\/05\/DSC06175-e1748009420867.jpg\" \/>\n\t<meta property=\"og:image:width\" content=\"667\" \/>\n\t<meta property=\"og:image:height\" content=\"523\" \/>\n\t<meta property=\"og:image:type\" content=\"image\/jpeg\" \/>\n<meta name=\"twitter:card\" content=\"summary_large_image\" \/>\n<meta name=\"twitter:label1\" content=\"Tiempo de lectura\" \/>\n\t<meta name=\"twitter:data1\" content=\"2 minutos\" \/>\n<script type=\"application\/ld+json\" class=\"yoast-schema-graph\">{\"@context\":\"https:\\\/\\\/schema.org\",\"@graph\":[{\"@type\":\"WebPage\",\"@id\":\"https:\\\/\\\/recoloco.com\\\/home-services-luxembourg\\\/handyman-services-luxembourg\\\/\",\"url\":\"https:\\\/\\\/recoloco.com\\\/home-services-luxembourg\\\/handyman-services-luxembourg\\\/\",\"name\":\"Handyman Services in Luxembourg - Recoloco \u2013 Professional organizer &amp; space transformation in Luxembourg\",\"isPartOf\":{\"@id\":\"https:\\\/\\\/recoloco.com\\\/#website\"},\"primaryImageOfPage\":{\"@id\":\"https:\\\/\\\/recoloco.com\\\/home-services-luxembourg\\\/handyman-services-luxembourg\\\/#primaryimage\"},\"image\":{\"@id\":\"https:\\\/\\\/recoloco.com\\\/home-services-luxembourg\\\/handyman-services-luxembourg\\\/#primaryimage\"},\"thumbnailUrl\":\"https:\\\/\\\/recoloco.com\\\/wp-content\\\/uploads\\\/2025\\\/05\\\/DSC06175-e1748009420867.jpg\",\"datePublished\":\"2025-07-23T18:00:33+00:00\",\"dateModified\":\"2026-03-18T21:14:19+00:00\",\"description\":\"Handyman services in Luxembourg for furniture assembly, home maintenance and small repairs. Professional and reliable home help.\",\"breadcrumb\":{\"@id\":\"https:\\\/\\\/recoloco.com\\\/home-services-luxembourg\\\/handyman-services-luxembourg\\\/#breadcrumb\"},\"inLanguage\":\"es\",\"potentialAction\":[{\"@type\":\"ReadAction\",\"target\":[\"https:\\\/\\\/recoloco.com\\\/home-services-luxembourg\\\/handyman-services-luxembourg\\\/\"]}]},{\"@type\":\"ImageObject\",\"inLanguage\":\"es\",\"@id\":\"https:\\\/\\\/recoloco.com\\\/home-services-luxembourg\\\/handyman-services-luxembourg\\\/#primaryimage\",\"url\":\"https:\\\/\\\/recoloco.com\\\/wp-content\\\/uploads\\\/2025\\\/05\\\/DSC06175-e1748009420867.jpg\",\"contentUrl\":\"https:\\\/\\\/recoloco.com\\\/wp-content\\\/uploads\\\/2025\\\/05\\\/DSC06175-e1748009420867.jpg\"},{\"@type\":\"BreadcrumbList\",\"@id\":\"https:\\\/\\\/recoloco.com\\\/home-services-luxembourg\\\/handyman-services-luxembourg\\\/#breadcrumb\",\"itemListElement\":[{\"@type\":\"ListItem\",\"position\":1,\"name\":\"Home\",\"item\":\"https:\\\/\\\/recoloco.com\\\/\"},{\"@type\":\"ListItem\",\"position\":2,\"name\":\"Services\",\"item\":\"https:\\\/\\\/recoloco.com\\\/home-services-luxembourg\\\/\"},{\"@type\":\"ListItem\",\"position\":3,\"name\":\"Fixes\"}]},{\"@type\":\"WebSite\",\"@id\":\"https:\\\/\\\/recoloco.com\\\/#website\",\"url\":\"https:\\\/\\\/recoloco.com\\\/\",\"name\":\"Recoloco \u2013 Home organizer & space transformation in Luxembourg\",\"description\":\"Another House is Another Life.\",\"publisher\":{\"@id\":\"https:\\\/\\\/recoloco.com\\\/#organization\"},\"potentialAction\":[{\"@type\":\"SearchAction\",\"target\":{\"@type\":\"EntryPoint\",\"urlTemplate\":\"https:\\\/\\\/recoloco.com\\\/?s={search_term_string}\"},\"query-input\":{\"@type\":\"PropertyValueSpecification\",\"valueRequired\":true,\"valueName\":\"search_term_string\"}}],\"inLanguage\":\"es\"},{\"@type\":\"Organization\",\"@id\":\"https:\\\/\\\/recoloco.com\\\/#organization\",\"name\":\"Recoloco \u2013 Home organizer & space transformation in Luxembourg\",\"url\":\"https:\\\/\\\/recoloco.com\\\/\",\"logo\":{\"@type\":\"ImageObject\",\"inLanguage\":\"es\",\"@id\":\"https:\\\/\\\/recoloco.com\\\/#\\\/schema\\\/logo\\\/image\\\/\",\"url\":\"https:\\\/\\\/recoloco.com\\\/wp-content\\\/uploads\\\/2025\\\/06\\\/LogoRGB.svg\",\"contentUrl\":\"https:\\\/\\\/recoloco.com\\\/wp-content\\\/uploads\\\/2025\\\/06\\\/LogoRGB.svg\",\"width\":500,\"height\":200,\"caption\":\"Recoloco \u2013 Home organizer & space transformation in Luxembourg\"},\"image\":{\"@id\":\"https:\\\/\\\/recoloco.com\\\/#\\\/schema\\\/logo\\\/image\\\/\"},\"sameAs\":[\"https:\\\/\\\/www.instagram.com\\\/re_coloco\\\/\"]}]}<\/script>\n<!-- \/ Yoast SEO plugin. -->","yoast_head_json":{"title":"Handyman Services in Luxembourg - Recoloco \u2013 Professional organizer &amp; space transformation in Luxembourg","description":"Handyman services in Luxembourg for furniture assembly, home maintenance and small repairs. Professional and reliable home help.","robots":{"index":"index","follow":"follow","max-snippet":"max-snippet:-1","max-image-preview":"max-image-preview:large","max-video-preview":"max-video-preview:-1"},"canonical":"https:\/\/recoloco.com\/es\/home-services-luxembourg\/handyman-services-luxembourg\/","og_locale":"es_ES","og_type":"article","og_title":"Handyman Services in Luxembourg - Recoloco \u2013 Professional organizer &amp; space transformation in Luxembourg","og_description":"Handyman services in Luxembourg for furniture assembly, home maintenance and small repairs. Professional and reliable home help.","og_url":"https:\/\/recoloco.com\/es\/home-services-luxembourg\/handyman-services-luxembourg\/","og_site_name":"Recoloco \u2013 Professional organizer &amp; space transformation in Luxembourg","article_modified_time":"2026-03-18T21:14:19+00:00","og_image":[{"width":667,"height":523,"url":"https:\/\/recoloco.com\/wp-content\/uploads\/2025\/05\/DSC06175-e1748009420867.jpg","type":"image\/jpeg"}],"twitter_card":"summary_large_image","twitter_misc":{"Tiempo de lectura":"2 minutos"},"schema":{"@context":"https:\/\/schema.org","@graph":[{"@type":"WebPage","@id":"https:\/\/recoloco.com\/home-services-luxembourg\/handyman-services-luxembourg\/","url":"https:\/\/recoloco.com\/home-services-luxembourg\/handyman-services-luxembourg\/","name":"Handyman Services in Luxembourg - Recoloco \u2013 Professional organizer &amp; space transformation in Luxembourg","isPartOf":{"@id":"https:\/\/recoloco.com\/#website"},"primaryImageOfPage":{"@id":"https:\/\/recoloco.com\/home-services-luxembourg\/handyman-services-luxembourg\/#primaryimage"},"image":{"@id":"https:\/\/recoloco.com\/home-services-luxembourg\/handyman-services-luxembourg\/#primaryimage"},"thumbnailUrl":"https:\/\/recoloco.com\/wp-content\/uploads\/2025\/05\/DSC06175-e1748009420867.jpg","datePublished":"2025-07-23T18:00:33+00:00","dateModified":"2026-03-18T21:14:19+00:00","description":"Handyman services in Luxembourg for furniture assembly, home maintenance and small repairs. Professional and reliable home help.","breadcrumb":{"@id":"https:\/\/recoloco.com\/home-services-luxembourg\/handyman-services-luxembourg\/#breadcrumb"},"inLanguage":"es","potentialAction":[{"@type":"ReadAction","target":["https:\/\/recoloco.com\/home-services-luxembourg\/handyman-services-luxembourg\/"]}]},{"@type":"ImageObject","inLanguage":"es","@id":"https:\/\/recoloco.com\/home-services-luxembourg\/handyman-services-luxembourg\/#primaryimage","url":"https:\/\/recoloco.com\/wp-content\/uploads\/2025\/05\/DSC06175-e1748009420867.jpg","contentUrl":"https:\/\/recoloco.com\/wp-content\/uploads\/2025\/05\/DSC06175-e1748009420867.jpg"},{"@type":"BreadcrumbList","@id":"https:\/\/recoloco.com\/home-services-luxembourg\/handyman-services-luxembourg\/#breadcrumb","itemListElement":[{"@type":"ListItem","position":1,"name":"Home","item":"https:\/\/recoloco.com\/"},{"@type":"ListItem","position":2,"name":"Services","item":"https:\/\/recoloco.com\/home-services-luxembourg\/"},{"@type":"ListItem","position":3,"name":"Fixes"}]},{"@type":"WebSite","@id":"https:\/\/recoloco.com\/#website","url":"https:\/\/recoloco.com\/","name":"Recoloco \u2013 Home organizer & space transformation in Luxembourg","description":"Another House is Another Life.","publisher":{"@id":"https:\/\/recoloco.com\/#organization"},"potentialAction":[{"@type":"SearchAction","target":{"@type":"EntryPoint","urlTemplate":"https:\/\/recoloco.com\/?s={search_term_string}"},"query-input":{"@type":"PropertyValueSpecification","valueRequired":true,"valueName":"search_term_string"}}],"inLanguage":"es"},{"@type":"Organization","@id":"https:\/\/recoloco.com\/#organization","name":"Recoloco \u2013 Home organizer & space transformation in Luxembourg","url":"https:\/\/recoloco.com\/","logo":{"@type":"ImageObject","inLanguage":"es","@id":"https:\/\/recoloco.com\/#\/schema\/logo\/image\/","url":"https:\/\/recoloco.com\/wp-content\/uploads\/2025\/06\/LogoRGB.svg","contentUrl":"https:\/\/recoloco.com\/wp-content\/uploads\/2025\/06\/LogoRGB.svg","width":500,"height":200,"caption":"Recoloco \u2013 Home organizer & space transformation in Luxembourg"},"image":{"@id":"https:\/\/recoloco.com\/#\/schema\/logo\/image\/"},"sameAs":["https:\/\/www.instagram.com\/re_coloco\/"]}]}},"_links":{"self":[{"href":"https:\/\/recoloco.com\/es\/wp-json\/wp\/v2\/pages\/3529","targetHints":{"allow":["GET"]}}],"collection":[{"href":"https:\/\/recoloco.com\/es\/wp-json\/wp\/v2\/pages"}],"about":[{"href":"https:\/\/recoloco.com\/es\/wp-json\/wp\/v2\/types\/page"}],"author":[{"embeddable":true,"href":"https:\/\/recoloco.com\/es\/wp-json\/wp\/v2\/users\/5"}],"replies":[{"embeddable":true,"href":"https:\/\/recoloco.com\/es\/wp-json\/wp\/v2\/comments?post=3529"}],"version-history":[{"count":10,"href":"https:\/\/recoloco.com\/es\/wp-json\/wp\/v2\/pages\/3529\/revisions"}],"predecessor-version":[{"id":3767,"href":"https:\/\/recoloco.com\/es\/wp-json\/wp\/v2\/pages\/3529\/revisions\/3767"}],"up":[{"embeddable":true,"href":"https:\/\/recoloco.com\/es\/wp-json\/wp\/v2\/pages\/3508"}],"wp:attachment":[{"href":"https:\/\/recoloco.com\/es\/wp-json\/wp\/v2\/media?parent=3529"}],"curies":[{"name":"wp","href":"https:\/\/api.w.org\/{rel}","templated":true}]}}